{"id":23945,"date":"2024-03-08T14:35:56","date_gmt":"2024-03-08T11:35:56","guid":{"rendered":"https:\/\/brandmentor.com.tr\/iletisim\/"},"modified":"2024-04-17T18:13:25","modified_gmt":"2024-04-17T15:13:25","slug":"contact","status":"publish","type":"page","link":"https:\/\/brandmentor.com.tr\/en\/contact\/","title":{"rendered":"Contact"},"content":{"rendered":"<div class=\"wpb-content-wrapper\"><section data-vc-full-width=\"true\" data-vc-full-width-init=\"false\" data-vc-stretch-content=\"true\" class=\"vc_row wpb_row vc_row-fluid  vc_custom_1712217110877 wow fadeIn pofo-stretch-content vc_row-o-equal-height vc_row-o-content-middle vc_row-flex\"><div class=\"wpb_column vc_column_container vc_col-has-fill vc_col-sm-12 vc_col-md-6 vc_col-xs-12 wow fadeInLeft pofo-column-responsive-69e9118a15e4d\"><div class=\"vc_column-inner cover-background bg-position-center-center vc_custom_1711973808130\"><div class=\"wpb_wrapper\"><span class=\"text-extra-dark-gray margin-20px-bottom font-weight-600 display-inline-block alt-font text-uppercase heading-style2  vc_custom_1709899783035  heading-1\"  style=\"font-size: 16px; line-height: 23px;\" data-fontsize=\"16px\" data-lineheight=\"23px\">Contact Us<\/span><div class=\"wpforms-container wpforms-container-full wpforms-render-modern\" id=\"wpforms-22563\"><form id=\"wpforms-form-22563\" class=\"wpforms-validate wpforms-form wpforms-ajax-form\" data-formid=\"22563\" method=\"post\" enctype=\"multipart\/form-data\" action=\"\/en\/wp-json\/wp\/v2\/pages\/23945\" data-token=\"412955bcdc96729287eb0e75a16247b7\"><noscript class=\"wpforms-error-noscript\">Please enable JavaScript in your browser to complete this form.<\/noscript><div class=\"wpforms-hidden\" id=\"wpforms-error-noscript\">Please enable JavaScript in your browser to complete this form.<\/div><div class=\"wpforms-field-container\"><div id=\"wpforms-22563-field_6-container\" class=\"wpforms-field wpforms-field-layout\" data-field-id=\"6\"><label class=\"wpforms-field-label wpforms-label-hide\" for=\"wpforms-22563-field_6\" aria-hidden=\"false\">Yerle\u015fim<\/label><div class=\"wpforms-field-layout-columns wpforms-field-layout-preset-50-50\"><div class=\"wpforms-layout-column wpforms-layout-column-50\"><div id=\"wpforms-22563-field_0-container\" class=\"wpforms-field wpforms-field-name\" data-field-id=\"0\"><label class=\"wpforms-field-label wpforms-label-hide\" for=\"wpforms-22563-field_0\" aria-hidden=\"false\">Ad Soyad <span class=\"wpforms-required-label\" aria-hidden=\"true\">*<\/span><\/label><input type=\"text\" id=\"wpforms-22563-field_0\" class=\"wpforms-field-small wpforms-field-required\" name=\"wpforms[fields][0]\" placeholder=\"Ad Soyad\" aria-errormessage=\"wpforms-22563-field_0-error\" required><\/div><div id=\"wpforms-22563-field_3-container\" class=\"wpforms-field wpforms-field-phone\" data-field-id=\"3\"><label class=\"wpforms-field-label wpforms-label-hide\" for=\"wpforms-22563-field_3\" aria-hidden=\"false\">Telefon <span class=\"wpforms-required-label\" aria-hidden=\"true\">*<\/span><\/label><input type=\"tel\" id=\"wpforms-22563-field_3\" class=\"wpforms-field-medium wpforms-field-required wpforms-smart-phone-field\" data-rule-smart-phone-field=\"true\" name=\"wpforms[fields][3]\" placeholder=\"Telefon\" aria-errormessage=\"wpforms-22563-field_3-error\" required><\/div><\/div><div class=\"wpforms-layout-column wpforms-layout-column-50\"><div id=\"wpforms-22563-field_1-container\" class=\"wpforms-field wpforms-field-email\" data-field-id=\"1\"><label class=\"wpforms-field-label wpforms-label-hide\" for=\"wpforms-22563-field_1\" aria-hidden=\"false\">E-posta <span class=\"wpforms-required-label\" aria-hidden=\"true\">*<\/span><\/label><input type=\"email\" id=\"wpforms-22563-field_1\" class=\"wpforms-field-medium wpforms-field-required\" name=\"wpforms[fields][1]\" placeholder=\"E-mail\" spellcheck=\"false\" aria-errormessage=\"wpforms-22563-field_1-error\" required><\/div><div id=\"wpforms-22563-field_5-container\" class=\"wpforms-field wpforms-field-text\" data-field-id=\"5\"><label class=\"wpforms-field-label wpforms-label-hide\" for=\"wpforms-22563-field_5\" aria-hidden=\"false\">Firma Ad\u0131<\/label><input type=\"text\" id=\"wpforms-22563-field_5\" class=\"wpforms-field-medium\" name=\"wpforms[fields][5]\" placeholder=\"Firma Ad\u0131\" aria-errormessage=\"wpforms-22563-field_5-error\" ><\/div><\/div><\/div><\/div><div id=\"wpforms-22563-field_2-container\" class=\"wpforms-field wpforms-field-textarea\" data-field-id=\"2\"><label class=\"wpforms-field-label wpforms-label-hide\" for=\"wpforms-22563-field_2\" aria-hidden=\"false\">Mesaj\u0131n\u0131z<\/label><textarea id=\"wpforms-22563-field_2\" class=\"wpforms-field-medium\" name=\"wpforms[fields][2]\" placeholder=\"Mesaj\u0131n\u0131z\" aria-errormessage=\"wpforms-22563-field_2-error\" ><\/textarea><\/div><\/div><!-- .wpforms-field-container --><div class=\"wpforms-submit-container\" ><input type=\"hidden\" name=\"wpforms[id]\" value=\"22563\"><input type=\"hidden\" name=\"wpforms[author]\" value=\"1\"><button type=\"submit\" name=\"wpforms[submit]\" id=\"wpforms-submit-22563\" class=\"wpforms-submit\" data-alt-text=\"G\u00f6nderiliyor...\" data-submit-text=\"G\u00f6nder\" aria-live=\"assertive\" value=\"wpforms-submit\">G\u00f6nder<\/button><img loading=\"lazy\" decoding=\"async\" src=\"https:\/\/brandmentor.com.tr\/wp-content\/plugins\/wpforms\/assets\/images\/submit-spin.svg\" class=\"wpforms-submit-spinner\" style=\"display: none;\" width=\"26\" height=\"26\" alt=\"Loading\"><\/div><\/form><\/div>  <!-- .wpforms-container --><\/div><\/div><\/div><div class=\"wpb_column vc_column_container vc_col-sm-12 vc_col-md-6 vc_col-xs-12 wow fadeInRight\"><div class=\"vc_column-inner \"><div class=\"wpb_wrapper\"><div class=\"vc_row wpb_row vc_inner vc_row-fluid   vc_row-o-equal-height vc_row-o-content-middle vc_row-flex\"><div class=\"wpb_column vc_column_container vc_col-has-fill vc_col-sm-6 vc_col-md-6 vc_col-xs-12 wow fadeIn text-center\"><div class=\"vc_column-inner vc_custom_1712217034956\" style=\"min-height: 350px;\"><div class=\"wpb_wrapper\"><div class=\"featurebox21 pofo-featurebox featurebox21-1\" ><div class=\"display-inline-block margin-25px-bottom sm-margin-15px-bottom xs-margin-10px-bottom\"><i class=\"link-icon display-block icon-map icon-medium\"><\/i><\/div><span class=\"text-extra-dark-gray display-inline-block width-100 text-small font-weight-600 alt-font margin-5px-bottom\" style=\"font-size: 14px; line-height: 24px; color: #000000;\" data-fontsize=\"14px\" data-lineheight=\"24px\">Address<\/span><div class=\"xs-margin-10px-bottom center-col last-paragraph-no-margin width-60 md-width-80\"><p>Ziya G\u00f6kalp Mahallesi S\u00fcleyman Demirel Bulvar\u0131 The Office No: 7E \u0130\u00e7 Kap\u0131 No: 136 Ba\u015fak\u015fehir \/ \u0130STANBUL<\/p>\n<\/div><\/div><\/div><\/div><\/div><div class=\"wpb_column vc_column_container vc_col-sm-6 vc_col-md-6 vc_col-xs-12 wow fadeIn text-center\"><div class=\"vc_column-inner \" style=\"min-height: 350px;\"><div class=\"wpb_wrapper\"><div class=\"featurebox21 pofo-featurebox featurebox21-2\" ><div class=\"display-inline-block margin-25px-bottom sm-margin-15px-bottom xs-margin-10px-bottom\"><i class=\"link-icon display-block icon-chat icon-medium\"><\/i><\/div><span class=\"text-extra-dark-gray display-inline-block width-100 text-small font-weight-600 alt-font margin-5px-bottom\" style=\"font-size: 14px; line-height: 24px; color: #000000;\" data-fontsize=\"14px\" data-lineheight=\"24px\">Phone<\/span><div class=\"xs-margin-10px-bottom center-col last-paragraph-no-margin width-60 md-width-80\"><p>+90 212 989 21 15<\/p>\n<\/div><\/div><\/div><\/div><\/div><div class=\"wpb_column vc_column_container vc_col-sm-6 vc_col-md-6 vc_col-xs-12 wow fadeIn text-center\"><div class=\"vc_column-inner \" style=\"min-height: 350px;\"><div class=\"wpb_wrapper\"><div class=\"featurebox21 pofo-featurebox featurebox21-3\" ><div class=\"display-inline-block margin-25px-bottom sm-margin-15px-bottom xs-margin-10px-bottom\"><i class=\"link-icon display-block icon-envelope icon-medium\"><\/i><\/div><span class=\"text-extra-dark-gray display-inline-block width-100 text-small font-weight-600 alt-font margin-5px-bottom\" style=\"font-size: 14px; line-height: 24px; color: #000000;\" data-fontsize=\"14px\" data-lineheight=\"24px\">Email<\/span><div class=\"xs-margin-10px-bottom center-col last-paragraph-no-margin width-60 md-width-80\"><p>hi@brandmentor.com.tr<\/p>\n<\/div><\/div><\/div><\/div><\/div><div class=\"wpb_column vc_column_container vc_col-has-fill vc_col-sm-6 vc_col-md-6 vc_col-xs-12 wow fadeIn text-center\"><div class=\"vc_column-inner vc_custom_1712217061320\" style=\"min-height: 350px;\"><div class=\"wpb_wrapper\"><div class=\"featurebox21 pofo-featurebox featurebox21-4\" ><div class=\"display-inline-block margin-25px-bottom sm-margin-15px-bottom xs-margin-10px-bottom\"><i class=\"link-icon display-block icon-clock icon-medium\"><\/i><\/div><span class=\"text-extra-dark-gray display-inline-block width-100 text-small font-weight-600 alt-font margin-5px-bottom\" style=\"font-size: 14px; line-height: 24px; color: #000000;\" data-fontsize=\"14px\" data-lineheight=\"24px\">Working Hours<\/span><div class=\"xs-margin-10px-bottom center-col last-paragraph-no-margin width-60 md-width-80\"><p>Monday &#8211; Friday \/ 09:00-18:30<\/p>\n<\/div><\/div><\/div><\/div><\/div><\/div><\/div><\/div><\/div><\/section><div class=\"vc_row-full-width vc_clearfix\"><\/div><section id=\"start-your-project\" data-vc-full-width=\"true\" data-vc-full-width-init=\"false\" data-vc-stretch-content=\"true\" class=\"vc_row wpb_row vc_row-fluid  vc_custom_1712217339945 wow fadeIn pofo-stretch-content\"><div class=\"wpb_column vc_column_container vc_col-sm-12  col-xs-mobile-fullwidth pofo-column-responsive-69e9118a19d9d\"><div class=\"vc_column-inner vc_custom_1712217303699\"><div class=\"wpb_wrapper\"><div class=\"vc_row wpb_row vc_inner vc_row-fluid\"><div class=\"wpb_column vc_column_container vc_col-sm-12  col-xs-mobile-fullwidth text-center\"><div class=\"vc_column-inner vc_custom_1712217296949\"><div class=\"wpb_wrapper\"><div class=\"last-paragraph-no-margin\"><p><\/p>\n<\/div><\/div><\/div><\/div><\/div><\/div><\/div><\/div><\/section><div class=\"vc_row-full-width vc_clearfix\"><\/div>\n<\/div>","protected":false},"excerpt":{"rendered":"Contact UsPlease enable JavaScript in your browser to complete this form.Please enable JavaScript in your browser to complete this form.Yerle\u015fimAd Soyad *Telefon *E-posta *Firma Ad\u0131Mesaj\u0131n\u0131zG\u00f6nder AddressZiya G\u00f6kalp Mahallesi S\u00fcleyman Demirel Bulvar\u0131 The Office No: 7E \u0130\u00e7 Kap\u0131 No: 136 Ba\u015fak\u015fehir \/ \u0130STANBUL Phone+90 212 989 21 15 Emailhi@brandmentor.com.tr Working HoursMonday - Friday \/ 09:00-18:30","protected":false},"author":1,"featured_media":0,"parent":0,"menu_order":0,"comment_status":"closed","ping_status":"closed","template":"","meta":{"inline_featured_image":false,"footnotes":""},"yoast_head":"<!-- This site is optimized with the Yoast SEO plugin v22.5 - https:\/\/yoast.com\/wordpress\/plugins\/seo\/ -->\n<title>Contact - Brand Mentor<\/title>\n<meta name=\"robots\" content=\"index, follow, max-snippet:-1, max-image-preview:large, max-video-preview:-1\" \/>\n<link rel=\"canonical\" href=\"https:\/\/brandmentor.com.tr\/en\/contact\/\" \/>\n<meta property=\"og:locale\" content=\"en_US\" \/>\n<meta property=\"og:type\" content=\"article\" \/>\n<meta property=\"og:title\" content=\"Contact - Brand Mentor\" \/>\n<meta property=\"og:url\" content=\"https:\/\/brandmentor.com.tr\/en\/contact\/\" \/>\n<meta property=\"og:site_name\" content=\"Brand Mentor\" \/>\n<meta property=\"article:publisher\" content=\"https:\/\/www.facebook.com\/brandmentortr\" \/>\n<meta property=\"article:modified_time\" content=\"2024-04-17T15:13:25+00:00\" \/>\n<meta name=\"twitter:card\" content=\"summary_large_image\" \/>\n<meta name=\"twitter:label1\" content=\"Est. reading time\" \/>\n\t<meta name=\"twitter:data1\" content=\"4 minutes\" \/>\n<script type=\"application\/ld+json\" class=\"yoast-schema-graph\">{\"@context\":\"https:\/\/schema.org\",\"@graph\":[{\"@type\":\"WebPage\",\"@id\":\"https:\/\/brandmentor.com.tr\/en\/contact\/\",\"url\":\"https:\/\/brandmentor.com.tr\/en\/contact\/\",\"name\":\"Contact - Brand Mentor\",\"isPartOf\":{\"@id\":\"https:\/\/brandmentor.com.tr\/#website\"},\"datePublished\":\"2024-03-08T11:35:56+00:00\",\"dateModified\":\"2024-04-17T15:13:25+00:00\",\"breadcrumb\":{\"@id\":\"https:\/\/brandmentor.com.tr\/en\/contact\/#breadcrumb\"},\"inLanguage\":\"en-US\",\"potentialAction\":[{\"@type\":\"ReadAction\",\"target\":[\"https:\/\/brandmentor.com.tr\/en\/contact\/\"]}]},{\"@type\":\"BreadcrumbList\",\"@id\":\"https:\/\/brandmentor.com.tr\/en\/contact\/#breadcrumb\",\"itemListElement\":[{\"@type\":\"ListItem\",\"position\":1,\"name\":\"Anasayfa\",\"item\":\"https:\/\/brandmentor.com.tr\/en\/\"},{\"@type\":\"ListItem\",\"position\":2,\"name\":\"Contact\"}]},{\"@type\":\"WebSite\",\"@id\":\"https:\/\/brandmentor.com.tr\/#website\",\"url\":\"https:\/\/brandmentor.com.tr\/\",\"name\":\"Brand Mentor\",\"description\":\"\",\"publisher\":{\"@id\":\"https:\/\/brandmentor.com.tr\/#organization\"},\"alternateName\":\"Brand Mentor\",\"potentialAction\":[{\"@type\":\"SearchAction\",\"target\":{\"@type\":\"EntryPoint\",\"urlTemplate\":\"https:\/\/brandmentor.com.tr\/?s={search_term_string}\"},\"query-input\":\"required name=search_term_string\"}],\"inLanguage\":\"en-US\"},{\"@type\":\"Organization\",\"@id\":\"https:\/\/brandmentor.com.tr\/#organization\",\"name\":\"Brand Mentor\",\"alternateName\":\"Brand Mentor\",\"url\":\"https:\/\/brandmentor.com.tr\/\",\"logo\":{\"@type\":\"ImageObject\",\"inLanguage\":\"en-US\",\"@id\":\"https:\/\/brandmentor.com.tr\/#\/schema\/logo\/image\/\",\"url\":\"https:\/\/brandmentor.com.tr\/wp-content\/uploads\/2024\/04\/logo1.svg\",\"contentUrl\":\"https:\/\/brandmentor.com.tr\/wp-content\/uploads\/2024\/04\/logo1.svg\",\"width\":\"1024\",\"height\":\"1024\",\"caption\":\"Brand Mentor\"},\"image\":{\"@id\":\"https:\/\/brandmentor.com.tr\/#\/schema\/logo\/image\/\"},\"sameAs\":[\"https:\/\/www.facebook.com\/brandmentortr\",\"https:\/\/www.instagram.com\/brandmentor\/\"]}]}<\/script>\n<!-- \/ Yoast SEO plugin. -->","yoast_head_json":{"title":"Contact - Brand Mentor","robots":{"index":"index","follow":"follow","max-snippet":"max-snippet:-1","max-image-preview":"max-image-preview:large","max-video-preview":"max-video-preview:-1"},"canonical":"https:\/\/brandmentor.com.tr\/en\/contact\/","og_locale":"en_US","og_type":"article","og_title":"Contact - Brand Mentor","og_url":"https:\/\/brandmentor.com.tr\/en\/contact\/","og_site_name":"Brand Mentor","article_publisher":"https:\/\/www.facebook.com\/brandmentortr","article_modified_time":"2024-04-17T15:13:25+00:00","twitter_card":"summary_large_image","twitter_misc":{"Est. reading time":"4 minutes"},"schema":{"@context":"https:\/\/schema.org","@graph":[{"@type":"WebPage","@id":"https:\/\/brandmentor.com.tr\/en\/contact\/","url":"https:\/\/brandmentor.com.tr\/en\/contact\/","name":"Contact - Brand Mentor","isPartOf":{"@id":"https:\/\/brandmentor.com.tr\/#website"},"datePublished":"2024-03-08T11:35:56+00:00","dateModified":"2024-04-17T15:13:25+00:00","breadcrumb":{"@id":"https:\/\/brandmentor.com.tr\/en\/contact\/#breadcrumb"},"inLanguage":"en-US","potentialAction":[{"@type":"ReadAction","target":["https:\/\/brandmentor.com.tr\/en\/contact\/"]}]},{"@type":"BreadcrumbList","@id":"https:\/\/brandmentor.com.tr\/en\/contact\/#breadcrumb","itemListElement":[{"@type":"ListItem","position":1,"name":"Anasayfa","item":"https:\/\/brandmentor.com.tr\/en\/"},{"@type":"ListItem","position":2,"name":"Contact"}]},{"@type":"WebSite","@id":"https:\/\/brandmentor.com.tr\/#website","url":"https:\/\/brandmentor.com.tr\/","name":"Brand Mentor","description":"","publisher":{"@id":"https:\/\/brandmentor.com.tr\/#organization"},"alternateName":"Brand Mentor","potentialAction":[{"@type":"SearchAction","target":{"@type":"EntryPoint","urlTemplate":"https:\/\/brandmentor.com.tr\/?s={search_term_string}"},"query-input":"required name=search_term_string"}],"inLanguage":"en-US"},{"@type":"Organization","@id":"https:\/\/brandmentor.com.tr\/#organization","name":"Brand Mentor","alternateName":"Brand Mentor","url":"https:\/\/brandmentor.com.tr\/","logo":{"@type":"ImageObject","inLanguage":"en-US","@id":"https:\/\/brandmentor.com.tr\/#\/schema\/logo\/image\/","url":"https:\/\/brandmentor.com.tr\/wp-content\/uploads\/2024\/04\/logo1.svg","contentUrl":"https:\/\/brandmentor.com.tr\/wp-content\/uploads\/2024\/04\/logo1.svg","width":"1024","height":"1024","caption":"Brand Mentor"},"image":{"@id":"https:\/\/brandmentor.com.tr\/#\/schema\/logo\/image\/"},"sameAs":["https:\/\/www.facebook.com\/brandmentortr","https:\/\/www.instagram.com\/brandmentor\/"]}]}},"_links":{"self":[{"href":"https:\/\/brandmentor.com.tr\/en\/wp-json\/wp\/v2\/pages\/23945"}],"collection":[{"href":"https:\/\/brandmentor.com.tr\/en\/wp-json\/wp\/v2\/pages"}],"about":[{"href":"https:\/\/brandmentor.com.tr\/en\/wp-json\/wp\/v2\/types\/page"}],"author":[{"embeddable":true,"href":"https:\/\/brandmentor.com.tr\/en\/wp-json\/wp\/v2\/users\/1"}],"replies":[{"embeddable":true,"href":"https:\/\/brandmentor.com.tr\/en\/wp-json\/wp\/v2\/comments?post=23945"}],"version-history":[{"count":3,"href":"https:\/\/brandmentor.com.tr\/en\/wp-json\/wp\/v2\/pages\/23945\/revisions"}],"predecessor-version":[{"id":24276,"href":"https:\/\/brandmentor.com.tr\/en\/wp-json\/wp\/v2\/pages\/23945\/revisions\/24276"}],"wp:attachment":[{"href":"https:\/\/brandmentor.com.tr\/en\/wp-json\/wp\/v2\/media?parent=23945"}],"curies":[{"name":"wp","href":"https:\/\/api.w.org\/{rel}","templated":true}]}}