{"id":24153,"date":"2024-03-15T17:13:52","date_gmt":"2024-03-15T14:13:52","guid":{"rendered":"https:\/\/brandmentor.com.tr\/markalasma-yonetimi\/"},"modified":"2024-05-28T19:57:08","modified_gmt":"2024-05-28T16:57:08","slug":"markalasma-yonetimi","status":"publish","type":"page","link":"https:\/\/brandmentor.com.tr\/en\/neler-yapiyoruz\/markalasma-yonetimi\/","title":{"rendered":"Markala\u015fma Y\u00f6netimi"},"content":{"rendered":"<div class=\"wpb-content-wrapper\"><section id=\"about\" data-vc-full-width=\"true\" data-vc-full-width-init=\"false\" class=\"vc_row wpb_row vc_row-fluid  vc_custom_1507611558727 pofo-stretch-content pofo-stretch-row-container\"><div class=\"wpb_column vc_column_container vc_col-lg-2 vc_col-md-1 vc_hidden-sm col-xs-mobile-fullwidth\"><div class=\"vc_column-inner \"><div class=\"wpb_wrapper\"><\/div><\/div><\/div><div class=\"wpb_column vc_column_container vc_col-lg-8 vc_col-md-10 col-xs-mobile-fullwidth text-left pofo-column-responsive-69e911b8cf965\"><div class=\"vc_column-inner vc_custom_1710490760104\"><div class=\"wpb_wrapper\"><h5 class=\"text-extra-dark-gray margin-20px-bottom font-weight-600 display-inline-block alt-font heading-style2  heading-1\" >Markala\u015fma Y\u00f6netimi Nedir?<\/h5><div class=\"last-paragraph-no-margin pofo-text-block-responsive-69e911b8cfa23\" style=\"width: width-100;\"><p>Markala\u015fma y\u00f6netimi, bir \u015firketin veya bir \u00fcr\u00fcn\u00fcn marka de\u011ferini olu\u015fturmak, geli\u015ftirmek ve s\u00fcrd\u00fcrmek i\u00e7in yap\u0131lan stratejik \u00e7al\u0131\u015fmalar\u0131n b\u00fct\u00fcn\u00fcd\u00fcr. Bu s\u00fcre\u00e7, markan\u0131n tan\u0131t\u0131m\u0131, alg\u0131s\u0131 ve de\u011feri \u00fczerinde etkili bir kontrol sa\u011flamay\u0131 ama\u00e7lar. Markala\u015fma y\u00f6netimi, markan\u0131n hedef kitleler aras\u0131nda pozitif bir imaj olu\u015fturmas\u0131, marka sadakati olu\u015fturmas\u0131 ve rekabet avantaj\u0131 sa\u011flamas\u0131 i\u00e7in \u00e7e\u015fitli teknikler ve stratejiler kullan\u0131r.<\/p>\n<\/div>[vc_empty_space]<h5 class=\"text-extra-dark-gray margin-20px-bottom font-weight-600 display-inline-block alt-font heading-style2  heading-2\" >Markala\u015fma Y\u00f6netimi Hizmetleri Neler \u0130\u00e7erir?<\/h5><div class=\"feature-content padding-30px-all sm-padding-20px-all bg-white box-shadow-light featurebox25-1 services-list-easein featurebox25 pofo-featurebox\" ><div class=\"alt-font font-weight-600 text-extra-dark-gray margin-10px-bottom\"><span class=\"text-deep-pink margin-5px-right\" style=\"\">01<\/span><span class=\"\">Marka Stratejisi Geli\u015ftirme<\/span><\/div><div class=\"last-paragraph-no-margin \"><p>Markan\u0131n hedeflerini belirleme, hedef kitleyi tan\u0131mlama, rekabet analizi yapma ve benzersiz bir marka konumu olu\u015fturma gibi s\u00fcre\u00e7leri i\u00e7erir.<\/p>\n<\/div><\/div><div class=\"feature-content padding-30px-all sm-padding-20px-all bg-white box-shadow-light featurebox25-2 featurebox25 pofo-featurebox\" ><div class=\"alt-font font-weight-600 text-extra-dark-gray margin-10px-bottom\"><span class=\"text-deep-pink margin-5px-right\" style=\"\">02<\/span><span class=\"\">G\u00f6rsel Kimlik Tasar\u0131m\u0131<\/span><\/div><div class=\"last-paragraph-no-margin \"><p>Logo, renk paleti, tipografi ve di\u011fer g\u00f6rsel unsurlar\u0131n olu\u015fturulmas\u0131 veya yenilenmesini i\u00e7erir. Bu, markan\u0131n g\u00f6rsel olarak tan\u0131nabilirli\u011fini ve b\u00fct\u00fcnl\u00fc\u011f\u00fcn\u00fc sa\u011flar.<\/p>\n<\/div><\/div><div class=\"feature-content padding-30px-all sm-padding-20px-all bg-white box-shadow-light featurebox25-3 featurebox25 pofo-featurebox\" ><div class=\"alt-font font-weight-600 text-extra-dark-gray margin-10px-bottom\"><span class=\"text-deep-pink margin-5px-right\" style=\"\">03<\/span><span class=\"\">Marka \u0130leti\u015fimi Stratejileri<\/span><\/div><div class=\"last-paragraph-no-margin \"><p>Markan\u0131n hedef kitlelerle etkile\u015fimini art\u0131rmak i\u00e7in reklam kampanyalar\u0131, sosyal medya stratejileri, PR \u00e7al\u0131\u015fmalar\u0131 ve etkinlikler gibi ileti\u015fim stratejilerinin planlanmas\u0131 ve uygulanmas\u0131n\u0131 i\u00e7erir.<\/p>\n<\/div><\/div><div class=\"feature-content padding-30px-all sm-padding-20px-all bg-white box-shadow-light featurebox25-4 featurebox25 pofo-featurebox\" ><div class=\"alt-font font-weight-600 text-extra-dark-gray margin-10px-bottom\"><span class=\"text-deep-pink margin-5px-right\" style=\"\">04<\/span><span class=\"\">Dijital Pazarlama ve Online Varl\u0131k Y\u00f6netimi<\/span><\/div><div class=\"last-paragraph-no-margin \"><p>Markan\u0131n \u00e7evrimi\u00e7i varl\u0131\u011f\u0131n\u0131 g\u00fc\u00e7lendirmek i\u00e7in web sitesi olu\u015fturma, SEO, i\u00e7erik pazarlamas\u0131, sosyal medya y\u00f6netimi ve online reklam stratejileri gibi dijital pazarlama y\u00f6ntemlerinin kullan\u0131lmas\u0131n\u0131 i\u00e7erir.<\/p>\n<\/div><\/div><div class=\"feature-content padding-30px-all sm-padding-20px-all bg-white box-shadow-light featurebox25-5 featurebox25 pofo-featurebox\" ><div class=\"alt-font font-weight-600 text-extra-dark-gray margin-10px-bottom\"><span class=\"text-deep-pink margin-5px-right\" style=\"\">05<\/span><span class=\"\">Marka Deneyimi Tasar\u0131m\u0131<\/span><\/div><div class=\"last-paragraph-no-margin \"><p>M\u00fc\u015fterilerin markayla etkile\u015fimlerini iyile\u015ftirmek i\u00e7in \u00fcr\u00fcn ve hizmet deneyimlerinin tasar\u0131m\u0131n\u0131 i\u00e7erir. Bu, kullan\u0131c\u0131 dostu web siteleri, ambalaj tasar\u0131mlar\u0131, ma\u011faza i\u00e7i deneyimler ve m\u00fc\u015fteri hizmetleri gibi unsurlar\u0131 kapsar.<\/p>\n<\/div><\/div><div class=\"feature-content padding-30px-all sm-padding-20px-all bg-white box-shadow-light featurebox25-6 featurebox25 pofo-featurebox\" ><div class=\"alt-font font-weight-600 text-extra-dark-gray margin-10px-bottom\"><span class=\"text-deep-pink margin-5px-right\" style=\"\">06<\/span><span class=\"\">Marka De\u011ferlemesi ve \u0130zleme<\/span><\/div><div class=\"last-paragraph-no-margin \"><p>Marka alg\u0131s\u0131n\u0131 \u00f6l\u00e7mek ve marka performans\u0131n\u0131 izlemek i\u00e7in pazar ara\u015ft\u0131rmas\u0131, anketler, m\u00fc\u015fteri geri bildirimi ve rakip analizi gibi y\u00f6ntemleri i\u00e7erir.<\/p>\n<\/div><\/div>[vc_empty_space]<h5 class=\"text-extra-dark-gray margin-20px-bottom font-weight-600 display-inline-block alt-font heading-style2  heading-3\" >Markala\u015fma Y\u00f6netimi Neden \u00d6nemlidir?<\/h5>[vc_empty_space]<div class=\"feature-content padding-30px-all sm-padding-20px-all bg-white box-shadow-light featurebox25-7 services-list-easein featurebox25 pofo-featurebox\" ><div class=\"alt-font font-weight-600 text-extra-dark-gray margin-10px-bottom\"><span class=\"text-deep-pink margin-5px-right\" style=\"\">01<\/span><span class=\"\">Fark Edilebilirlik ve Tan\u0131nabilirlik<\/span><\/div><div class=\"last-paragraph-no-margin \"><p>\u0130yi y\u00f6netilen bir marka, rakipler aras\u0131nda fark edilir ve tan\u0131n\u0131r hale gelir.<\/p>\n<\/div><\/div><div class=\"feature-content padding-30px-all sm-padding-20px-all bg-white box-shadow-light featurebox25-8 featurebox25 pofo-featurebox\" ><div class=\"alt-font font-weight-600 text-extra-dark-gray margin-10px-bottom\"><span class=\"text-deep-pink margin-5px-right\" style=\"\">02<\/span><span class=\"\">G\u00fcven ve Sadakat Olu\u015fturma<\/span><\/div><div class=\"last-paragraph-no-margin \"><p>G\u00fc\u00e7l\u00fc bir marka, m\u00fc\u015fterilerde g\u00fcven ve sadakat olu\u015fturur, tekrarlayan m\u00fc\u015fteri taban\u0131 olu\u015fturur ve yeni m\u00fc\u015fterileri \u00e7eker.<\/p>\n<\/div><\/div><div class=\"feature-content padding-30px-all sm-padding-20px-all bg-white box-shadow-light featurebox25-9 featurebox25 pofo-featurebox\" ><div class=\"alt-font font-weight-600 text-extra-dark-gray margin-10px-bottom\"><span class=\"text-deep-pink margin-5px-right\" style=\"\">03<\/span><span class=\"\">Rekabet Avantaj\u0131 Sa\u011flama<\/span><\/div><div class=\"last-paragraph-no-margin \"><p>Do\u011fru markala\u015fma stratejisi, rekabetin \u00f6n\u00fcne ge\u00e7ebilir ve benzersiz bir konum sa\u011flayabilir.<\/p>\n<\/div><\/div><div class=\"feature-content padding-30px-all sm-padding-20px-all bg-white box-shadow-light featurebox25-10 featurebox25 pofo-featurebox\" ><div class=\"alt-font font-weight-600 text-extra-dark-gray margin-10px-bottom\"><span class=\"text-deep-pink margin-5px-right\" style=\"\">04<\/span><span class=\"\">De\u011fer Art\u0131\u015f\u0131<\/span><\/div><div class=\"last-paragraph-no-margin \"><p>\u0130yi bir marka, \u00fcr\u00fcn veya hizmetin fiyat\u0131na de\u011fer katabilir ve \u015firketin piyasa de\u011ferini art\u0131rabilir.<\/p>\n<\/div><\/div>[vc_empty_space]<div class=\"last-paragraph-no-margin pofo-text-block-responsive-69e911b8d00f6\" style=\"width: width-100;\"><p>Markala\u015fma y\u00f6netimi, bir markan\u0131n ba\u015far\u0131s\u0131 i\u00e7in kritik \u00f6neme sahip bir s\u00fcre\u00e7tir. Profesyonel markala\u015fma y\u00f6netimi hizmetleri, \u015firketlerin marka de\u011ferini art\u0131rmak, rekabet avantaj\u0131 sa\u011flamak ve uzun vadeli ba\u015far\u0131 elde etmek i\u00e7in \u00f6nemli bir ara\u00e7t\u0131r. Do\u011fru stratejilerle, marka bilinirli\u011fini art\u0131rabilir, m\u00fc\u015fteri sadakatini kazanabilir ve pazarda g\u00fc\u00e7l\u00fc bir konum elde edebilirsiniz.<\/p>\n<p>Brand Mentor olarak s\u0131f\u0131rdan markan\u0131z\u0131 kurman\u0131za yard\u0131mc\u0131 oluyoruz. Ayr\u0131ca var olan markan\u0131z\u0131 da b\u00fcy\u00fctmeniz konusunda yan\u0131n\u0131zday\u0131z.<\/p>\n<\/div><\/div><\/div><\/div><div class=\"wpb_column vc_column_container vc_col-lg-2 vc_col-md-1 vc_hidden-sm col-xs-mobile-fullwidth\"><div class=\"vc_column-inner \"><div class=\"wpb_wrapper\"><\/div><\/div><\/div><\/section><div class=\"vc_row-full-width vc_clearfix\"><\/div>\n<\/div>","protected":false},"excerpt":{"rendered":"Markala\u015fma Y\u00f6netimi Nedir?Markala\u015fma y\u00f6netimi, bir \u015firketin veya bir \u00fcr\u00fcn\u00fcn marka de\u011ferini olu\u015fturmak, geli\u015ftirmek ve s\u00fcrd\u00fcrmek i\u00e7in yap\u0131lan stratejik \u00e7al\u0131\u015fmalar\u0131n b\u00fct\u00fcn\u00fcd\u00fcr. Bu s\u00fcre\u00e7, markan\u0131n tan\u0131t\u0131m\u0131, alg\u0131s\u0131 ve de\u011feri \u00fczerinde etkili bir kontrol sa\u011flamay\u0131 ama\u00e7lar. Markala\u015fma y\u00f6netimi, markan\u0131n hedef kitleler aras\u0131nda pozitif bir imaj olu\u015fturmas\u0131, marka sadakati olu\u015fturmas\u0131 ve rekabet avantaj\u0131 sa\u011flamas\u0131 i\u00e7in \u00e7e\u015fitli teknikler ve stratejiler kullan\u0131r. [vc_empty_space]Markala\u015fma Y\u00f6netimi Hizmetleri Neler \u0130\u00e7erir?01Marka Stratejisi Geli\u015ftirmeMarkan\u0131n hedeflerini belirleme, hedef kitleyi tan\u0131mlama, rekabet analizi yapma ve benzersiz bir marka konumu olu\u015fturma gibi s\u00fcre\u00e7leri i\u00e7erir. 02G\u00f6rsel Kimlik Tasar\u0131m\u0131Logo, renk paleti, tipografi ve di\u011fer g\u00f6rsel unsurlar\u0131n olu\u015fturulmas\u0131 veya yenilenmesini i\u00e7erir. Bu, markan\u0131n g\u00f6rsel olarak tan\u0131nabilirli\u011fini ve b\u00fct\u00fcnl\u00fc\u011f\u00fcn\u00fc sa\u011flar. 03Marka \u0130leti\u015fimi StratejileriMarkan\u0131n hedef kitlelerle etkile\u015fimini art\u0131rmak i\u00e7in reklam kampanyalar\u0131, sosyal medya stratejileri, PR \u00e7al\u0131\u015fmalar\u0131 ve etkinlikler gibi ileti\u015fim stratejilerinin planlanmas\u0131 ve uygulanmas\u0131n\u0131 i\u00e7erir. 04Dijital Pazarlama ve Online Varl\u0131k Y\u00f6netimiMarkan\u0131n \u00e7evrimi\u00e7i varl\u0131\u011f\u0131n\u0131 g\u00fc\u00e7lendirmek i\u00e7in web sitesi olu\u015fturma, SEO, i\u00e7erik pazarlamas\u0131, sosyal medya y\u00f6netimi ve online reklam stratejileri gibi dijital pazarlama y\u00f6ntemlerinin kullan\u0131lmas\u0131n\u0131 i\u00e7erir. 05Marka Deneyimi Tasar\u0131m\u0131M\u00fc\u015fterilerin markayla etkile\u015fimlerini iyile\u015ftirmek i\u00e7in \u00fcr\u00fcn ve hizmet deneyimlerinin tasar\u0131m\u0131n\u0131 i\u00e7erir. Bu, kullan\u0131c\u0131 dostu web siteleri, ambalaj tasar\u0131mlar\u0131, ma\u011faza i\u00e7i deneyimler ve m\u00fc\u015fteri hizmetleri gibi unsurlar\u0131 kapsar. 06Marka De\u011ferlemesi ve \u0130zlemeMarka alg\u0131s\u0131n\u0131 \u00f6l\u00e7mek ve marka performans\u0131n\u0131 izlemek i\u00e7in pazar ara\u015ft\u0131rmas\u0131, anketler, m\u00fc\u015fteri geri...","protected":false},"author":1,"featured_media":0,"parent":24175,"menu_order":0,"comment_status":"closed","ping_status":"closed","template":"","meta":{"inline_featured_image":false,"footnotes":""},"yoast_head":"<!-- This site is optimized with the Yoast SEO plugin v22.5 - https:\/\/yoast.com\/wordpress\/plugins\/seo\/ -->\n<title>Markala\u015fma Y\u00f6netimi - Brand Mentor<\/title>\n<meta name=\"robots\" content=\"index, follow, max-snippet:-1, max-image-preview:large, max-video-preview:-1\" \/>\n<link rel=\"canonical\" href=\"https:\/\/brandmentor.com.tr\/en\/neler-yapiyoruz\/markalasma-yonetimi\/\" \/>\n<meta property=\"og:locale\" content=\"en_US\" \/>\n<meta property=\"og:type\" content=\"article\" \/>\n<meta property=\"og:title\" content=\"Markala\u015fma Y\u00f6netimi - Brand Mentor\" \/>\n<meta property=\"og:url\" content=\"https:\/\/brandmentor.com.tr\/en\/neler-yapiyoruz\/markalasma-yonetimi\/\" \/>\n<meta property=\"og:site_name\" content=\"Brand Mentor\" \/>\n<meta property=\"article:publisher\" content=\"https:\/\/www.facebook.com\/brandmentortr\" \/>\n<meta property=\"article:modified_time\" content=\"2024-05-28T16:57:08+00:00\" \/>\n<meta name=\"twitter:card\" content=\"summary_large_image\" \/>\n<meta name=\"twitter:label1\" content=\"Est. reading time\" \/>\n\t<meta name=\"twitter:data1\" content=\"5 minutes\" \/>\n<script type=\"application\/ld+json\" class=\"yoast-schema-graph\">{\"@context\":\"https:\/\/schema.org\",\"@graph\":[{\"@type\":\"WebPage\",\"@id\":\"https:\/\/brandmentor.com.tr\/en\/neler-yapiyoruz\/markalasma-yonetimi\/\",\"url\":\"https:\/\/brandmentor.com.tr\/en\/neler-yapiyoruz\/markalasma-yonetimi\/\",\"name\":\"Markala\u015fma Y\u00f6netimi - Brand Mentor\",\"isPartOf\":{\"@id\":\"https:\/\/brandmentor.com.tr\/#website\"},\"datePublished\":\"2024-03-15T14:13:52+00:00\",\"dateModified\":\"2024-05-28T16:57:08+00:00\",\"breadcrumb\":{\"@id\":\"https:\/\/brandmentor.com.tr\/en\/neler-yapiyoruz\/markalasma-yonetimi\/#breadcrumb\"},\"inLanguage\":\"en-US\",\"potentialAction\":[{\"@type\":\"ReadAction\",\"target\":[\"https:\/\/brandmentor.com.tr\/en\/neler-yapiyoruz\/markalasma-yonetimi\/\"]}]},{\"@type\":\"BreadcrumbList\",\"@id\":\"https:\/\/brandmentor.com.tr\/en\/neler-yapiyoruz\/markalasma-yonetimi\/#breadcrumb\",\"itemListElement\":[{\"@type\":\"ListItem\",\"position\":1,\"name\":\"Anasayfa\",\"item\":\"https:\/\/brandmentor.com.tr\/en\/\"},{\"@type\":\"ListItem\",\"position\":2,\"name\":\"Neler Yap\u0131yoruz\",\"item\":\"https:\/\/brandmentor.com.tr\/en\/neler-yapiyoruz\/\"},{\"@type\":\"ListItem\",\"position\":3,\"name\":\"Markala\u015fma Y\u00f6netimi\"}]},{\"@type\":\"WebSite\",\"@id\":\"https:\/\/brandmentor.com.tr\/#website\",\"url\":\"https:\/\/brandmentor.com.tr\/\",\"name\":\"Brand Mentor\",\"description\":\"\",\"publisher\":{\"@id\":\"https:\/\/brandmentor.com.tr\/#organization\"},\"alternateName\":\"Brand Mentor\",\"potentialAction\":[{\"@type\":\"SearchAction\",\"target\":{\"@type\":\"EntryPoint\",\"urlTemplate\":\"https:\/\/brandmentor.com.tr\/?s={search_term_string}\"},\"query-input\":\"required name=search_term_string\"}],\"inLanguage\":\"en-US\"},{\"@type\":\"Organization\",\"@id\":\"https:\/\/brandmentor.com.tr\/#organization\",\"name\":\"Brand Mentor\",\"alternateName\":\"Brand Mentor\",\"url\":\"https:\/\/brandmentor.com.tr\/\",\"logo\":{\"@type\":\"ImageObject\",\"inLanguage\":\"en-US\",\"@id\":\"https:\/\/brandmentor.com.tr\/#\/schema\/logo\/image\/\",\"url\":\"https:\/\/brandmentor.com.tr\/wp-content\/uploads\/2024\/04\/logo1.svg\",\"contentUrl\":\"https:\/\/brandmentor.com.tr\/wp-content\/uploads\/2024\/04\/logo1.svg\",\"width\":\"1024\",\"height\":\"1024\",\"caption\":\"Brand Mentor\"},\"image\":{\"@id\":\"https:\/\/brandmentor.com.tr\/#\/schema\/logo\/image\/\"},\"sameAs\":[\"https:\/\/www.facebook.com\/brandmentortr\",\"https:\/\/www.instagram.com\/brandmentor\/\"]}]}<\/script>\n<!-- \/ Yoast SEO plugin. -->","yoast_head_json":{"title":"Markala\u015fma Y\u00f6netimi - Brand Mentor","robots":{"index":"index","follow":"follow","max-snippet":"max-snippet:-1","max-image-preview":"max-image-preview:large","max-video-preview":"max-video-preview:-1"},"canonical":"https:\/\/brandmentor.com.tr\/en\/neler-yapiyoruz\/markalasma-yonetimi\/","og_locale":"en_US","og_type":"article","og_title":"Markala\u015fma Y\u00f6netimi - Brand Mentor","og_url":"https:\/\/brandmentor.com.tr\/en\/neler-yapiyoruz\/markalasma-yonetimi\/","og_site_name":"Brand Mentor","article_publisher":"https:\/\/www.facebook.com\/brandmentortr","article_modified_time":"2024-05-28T16:57:08+00:00","twitter_card":"summary_large_image","twitter_misc":{"Est. reading time":"5 minutes"},"schema":{"@context":"https:\/\/schema.org","@graph":[{"@type":"WebPage","@id":"https:\/\/brandmentor.com.tr\/en\/neler-yapiyoruz\/markalasma-yonetimi\/","url":"https:\/\/brandmentor.com.tr\/en\/neler-yapiyoruz\/markalasma-yonetimi\/","name":"Markala\u015fma Y\u00f6netimi - Brand Mentor","isPartOf":{"@id":"https:\/\/brandmentor.com.tr\/#website"},"datePublished":"2024-03-15T14:13:52+00:00","dateModified":"2024-05-28T16:57:08+00:00","breadcrumb":{"@id":"https:\/\/brandmentor.com.tr\/en\/neler-yapiyoruz\/markalasma-yonetimi\/#breadcrumb"},"inLanguage":"en-US","potentialAction":[{"@type":"ReadAction","target":["https:\/\/brandmentor.com.tr\/en\/neler-yapiyoruz\/markalasma-yonetimi\/"]}]},{"@type":"BreadcrumbList","@id":"https:\/\/brandmentor.com.tr\/en\/neler-yapiyoruz\/markalasma-yonetimi\/#breadcrumb","itemListElement":[{"@type":"ListItem","position":1,"name":"Anasayfa","item":"https:\/\/brandmentor.com.tr\/en\/"},{"@type":"ListItem","position":2,"name":"Neler Yap\u0131yoruz","item":"https:\/\/brandmentor.com.tr\/en\/neler-yapiyoruz\/"},{"@type":"ListItem","position":3,"name":"Markala\u015fma Y\u00f6netimi"}]},{"@type":"WebSite","@id":"https:\/\/brandmentor.com.tr\/#website","url":"https:\/\/brandmentor.com.tr\/","name":"Brand Mentor","description":"","publisher":{"@id":"https:\/\/brandmentor.com.tr\/#organization"},"alternateName":"Brand Mentor","potentialAction":[{"@type":"SearchAction","target":{"@type":"EntryPoint","urlTemplate":"https:\/\/brandmentor.com.tr\/?s={search_term_string}"},"query-input":"required name=search_term_string"}],"inLanguage":"en-US"},{"@type":"Organization","@id":"https:\/\/brandmentor.com.tr\/#organization","name":"Brand Mentor","alternateName":"Brand Mentor","url":"https:\/\/brandmentor.com.tr\/","logo":{"@type":"ImageObject","inLanguage":"en-US","@id":"https:\/\/brandmentor.com.tr\/#\/schema\/logo\/image\/","url":"https:\/\/brandmentor.com.tr\/wp-content\/uploads\/2024\/04\/logo1.svg","contentUrl":"https:\/\/brandmentor.com.tr\/wp-content\/uploads\/2024\/04\/logo1.svg","width":"1024","height":"1024","caption":"Brand Mentor"},"image":{"@id":"https:\/\/brandmentor.com.tr\/#\/schema\/logo\/image\/"},"sameAs":["https:\/\/www.facebook.com\/brandmentortr","https:\/\/www.instagram.com\/brandmentor\/"]}]}},"_links":{"self":[{"href":"https:\/\/brandmentor.com.tr\/en\/wp-json\/wp\/v2\/pages\/24153"}],"collection":[{"href":"https:\/\/brandmentor.com.tr\/en\/wp-json\/wp\/v2\/pages"}],"about":[{"href":"https:\/\/brandmentor.com.tr\/en\/wp-json\/wp\/v2\/types\/page"}],"author":[{"embeddable":true,"href":"https:\/\/brandmentor.com.tr\/en\/wp-json\/wp\/v2\/users\/1"}],"replies":[{"embeddable":true,"href":"https:\/\/brandmentor.com.tr\/en\/wp-json\/wp\/v2\/comments?post=24153"}],"version-history":[{"count":2,"href":"https:\/\/brandmentor.com.tr\/en\/wp-json\/wp\/v2\/pages\/24153\/revisions"}],"predecessor-version":[{"id":24315,"href":"https:\/\/brandmentor.com.tr\/en\/wp-json\/wp\/v2\/pages\/24153\/revisions\/24315"}],"up":[{"embeddable":true,"href":"https:\/\/brandmentor.com.tr\/en\/wp-json\/wp\/v2\/pages\/24175"}],"wp:attachment":[{"href":"https:\/\/brandmentor.com.tr\/en\/wp-json\/wp\/v2\/media?parent=24153"}],"curies":[{"name":"wp","href":"https:\/\/api.w.org\/{rel}","templated":true}]}}