{"id":24155,"date":"2024-03-15T17:00:43","date_gmt":"2024-03-15T14:00:43","guid":{"rendered":"https:\/\/brandmentor.com.tr\/fruugo\/"},"modified":"2024-04-17T17:48:33","modified_gmt":"2024-04-17T14:48:33","slug":"fruugo","status":"publish","type":"page","link":"https:\/\/brandmentor.com.tr\/en\/neler-yapiyoruz\/e-ihracat\/yurtdisi-pazar-yerleri\/fruugo\/","title":{"rendered":"Fruugo"},"content":{"rendered":"<div class=\"wpb-content-wrapper\"><section id=\"about\" data-vc-full-width=\"true\" data-vc-full-width-init=\"false\" class=\"vc_row wpb_row vc_row-fluid  vc_custom_1507611558727 pofo-stretch-content pofo-stretch-row-container\"><div class=\"wpb_column vc_column_container vc_col-lg-2 vc_col-md-1 vc_hidden- sm col-xs-mobile-fullwidth\"><div class=\"vc_column-inner \"><div class=\"wpb_wrapper\"><\/div><\/div><\/div><div class=\"wpb_column vc_column_container vc_col-lg-8 vc_col-md-10 col-xs-mobile-fullwidth text-left pofo-column-responsive-69e91443ed580\"><div class=\"vc_column-inner vc_custom_1710490760104\"><div class=\"wpb_wrapper\"><h5 class=\"text-extra-dark-gray margin-20px-bottom font-weight-600 display-inline-block alt-font heading-style2  heading-1\" >Fruugo<\/h5><div class=\"last-paragraph-no-margin pofo-text-block-responsive-69e91443ed672\" style=\"width: width-100;\"><p>Fruugo is a UK-based e-commerce platform and The United Kingdom has the 5th largest economy in the world. It also hosts one of the markets with the largest e-commerce volume after America and China. 99% of the country&#8217;s population uses the internet and is quite accustomed to e-commerce shopping. You can reach customers around the world by selling on Fruugo. Once you list your products in English, Fruugo automatically translates them into 28 different languages and offers them for sale in other countries. No matter what currency your customers pay in, you will receive payment in the currency of the country you sell to.<\/p>\n<p>You do not need to do extra advertising to sell on the marketplace; Fruugo uses a portion of the commission fees it receives to advertise your products. It allows you to receive payments in your own currency, no matter what currency your customers pay in. For example, a payment made in Swedish krona will be converted into TL and deposited into your account. Fruugo automatically translates product titles and specifications into 28 different languages to ensure your products are understandable in local languages in different countries.<\/p>\n<p>Fruugo advertises your products for free in over 40 countries and you don&#8217;t have to pay any additional fees. Your ads are shown to customers who search for the products you sell on Google. As Brand Mentor, we manage all your company&#8217;s sales operations on Fruugo and help you develop a successful e-export strategy.<\/p>\n<\/div><\/div><\/div><\/div><div class=\"wpb_column vc_column_container vc_col-lg-2 vc_col-md-1 vc_hidden-sm col-xs-mobile-fullwidth\"><div class=\"vc_column-inner \"><div class=\"wpb_wrapper\"> <\/div><\/div><\/div><\/section><div class=\"vc_row-full-width vc_clearfix\"><\/div>\n<\/div>","protected":false},"excerpt":{"rendered":"FruugoFruugo is a UK-based e-commerce platform and The United Kingdom has the 5th largest economy in the world. It also hosts one of the markets with the largest e-commerce volume after America and China. 99% of the country's population uses the internet and is quite accustomed to e-commerce shopping. You can reach customers around the world by selling on Fruugo. Once you list your products in English, Fruugo automatically translates them into 28 different languages and offers them for sale in other countries. No matter what currency your customers pay in, you will receive payment in the currency of the country you sell to. You do not need to do extra advertising to sell on the marketplace; Fruugo uses a portion of the commission fees it receives to advertise your products. It allows you to receive payments in your own currency, no matter what currency your customers pay in. For example, a payment made in Swedish krona will be converted into TL and deposited into your account. Fruugo automatically translates product titles and specifications into 28 different languages to ensure your products are understandable in local languages in different countries. Fruugo advertises your products for free in over 40 countries...","protected":false},"author":1,"featured_media":0,"parent":24161,"menu_order":0,"comment_status":"closed","ping_status":"closed","template":"","meta":{"inline_featured_image":false,"footnotes":""},"yoast_head":"<!-- This site is optimized with the Yoast SEO plugin v22.5 - https:\/\/yoast.com\/wordpress\/plugins\/seo\/ -->\n<title>Fruugo - Brand Mentor<\/title>\n<meta name=\"robots\" content=\"index, follow, max-snippet:-1, max-image-preview:large, max-video-preview:-1\" \/>\n<link rel=\"canonical\" href=\"https:\/\/brandmentor.com.tr\/en\/neler-yapiyoruz\/e-ihracat\/yurtdisi-pazar-yerleri\/fruugo\/\" \/>\n<meta property=\"og:locale\" content=\"en_US\" \/>\n<meta property=\"og:type\" content=\"article\" \/>\n<meta property=\"og:title\" content=\"Fruugo - Brand Mentor\" \/>\n<meta property=\"og:url\" content=\"https:\/\/brandmentor.com.tr\/en\/neler-yapiyoruz\/e-ihracat\/yurtdisi-pazar-yerleri\/fruugo\/\" \/>\n<meta property=\"og:site_name\" content=\"Brand Mentor\" \/>\n<meta property=\"article:publisher\" content=\"https:\/\/www.facebook.com\/brandmentortr\" \/>\n<meta property=\"article:modified_time\" content=\"2024-04-17T14:48:33+00:00\" \/>\n<meta name=\"twitter:card\" content=\"summary_large_image\" \/>\n<meta name=\"twitter:label1\" content=\"Est. reading time\" \/>\n\t<meta name=\"twitter:data1\" content=\"2 minutes\" \/>\n<script type=\"application\/ld+json\" class=\"yoast-schema-graph\">{\"@context\":\"https:\/\/schema.org\",\"@graph\":[{\"@type\":\"WebPage\",\"@id\":\"https:\/\/brandmentor.com.tr\/en\/neler-yapiyoruz\/e-ihracat\/yurtdisi-pazar-yerleri\/fruugo\/\",\"url\":\"https:\/\/brandmentor.com.tr\/en\/neler-yapiyoruz\/e-ihracat\/yurtdisi-pazar-yerleri\/fruugo\/\",\"name\":\"Fruugo - Brand Mentor\",\"isPartOf\":{\"@id\":\"https:\/\/brandmentor.com.tr\/#website\"},\"datePublished\":\"2024-03-15T14:00:43+00:00\",\"dateModified\":\"2024-04-17T14:48:33+00:00\",\"breadcrumb\":{\"@id\":\"https:\/\/brandmentor.com.tr\/en\/neler-yapiyoruz\/e-ihracat\/yurtdisi-pazar-yerleri\/fruugo\/#breadcrumb\"},\"inLanguage\":\"en-US\",\"potentialAction\":[{\"@type\":\"ReadAction\",\"target\":[\"https:\/\/brandmentor.com.tr\/en\/neler-yapiyoruz\/e-ihracat\/yurtdisi-pazar-yerleri\/fruugo\/\"]}]},{\"@type\":\"BreadcrumbList\",\"@id\":\"https:\/\/brandmentor.com.tr\/en\/neler-yapiyoruz\/e-ihracat\/yurtdisi-pazar-yerleri\/fruugo\/#breadcrumb\",\"itemListElement\":[{\"@type\":\"ListItem\",\"position\":1,\"name\":\"Anasayfa\",\"item\":\"https:\/\/brandmentor.com.tr\/en\/\"},{\"@type\":\"ListItem\",\"position\":2,\"name\":\"Neler Yap\u0131yoruz\",\"item\":\"https:\/\/brandmentor.com.tr\/en\/neler-yapiyoruz\/\"},{\"@type\":\"ListItem\",\"position\":3,\"name\":\"E-\u0130hracat\",\"item\":\"https:\/\/brandmentor.com.tr\/en\/neler-yapiyoruz\/e-ihracat\/\"},{\"@type\":\"ListItem\",\"position\":4,\"name\":\"Yurtd\u0131\u015f\u0131 Pazar Yerleri\",\"item\":\"https:\/\/brandmentor.com.tr\/en\/neler-yapiyoruz\/e-ihracat\/yurtdisi-pazar-yerleri\/\"},{\"@type\":\"ListItem\",\"position\":5,\"name\":\"Fruugo\"}]},{\"@type\":\"WebSite\",\"@id\":\"https:\/\/brandmentor.com.tr\/#website\",\"url\":\"https:\/\/brandmentor.com.tr\/\",\"name\":\"Brand Mentor\",\"description\":\"\",\"publisher\":{\"@id\":\"https:\/\/brandmentor.com.tr\/#organization\"},\"alternateName\":\"Brand Mentor\",\"potentialAction\":[{\"@type\":\"SearchAction\",\"target\":{\"@type\":\"EntryPoint\",\"urlTemplate\":\"https:\/\/brandmentor.com.tr\/?s={search_term_string}\"},\"query-input\":\"required name=search_term_string\"}],\"inLanguage\":\"en-US\"},{\"@type\":\"Organization\",\"@id\":\"https:\/\/brandmentor.com.tr\/#organization\",\"name\":\"Brand Mentor\",\"alternateName\":\"Brand Mentor\",\"url\":\"https:\/\/brandmentor.com.tr\/\",\"logo\":{\"@type\":\"ImageObject\",\"inLanguage\":\"en-US\",\"@id\":\"https:\/\/brandmentor.com.tr\/#\/schema\/logo\/image\/\",\"url\":\"https:\/\/brandmentor.com.tr\/wp-content\/uploads\/2024\/04\/logo1.svg\",\"contentUrl\":\"https:\/\/brandmentor.com.tr\/wp-content\/uploads\/2024\/04\/logo1.svg\",\"width\":\"1024\",\"height\":\"1024\",\"caption\":\"Brand Mentor\"},\"image\":{\"@id\":\"https:\/\/brandmentor.com.tr\/#\/schema\/logo\/image\/\"},\"sameAs\":[\"https:\/\/www.facebook.com\/brandmentortr\",\"https:\/\/www.instagram.com\/brandmentor\/\"]}]}<\/script>\n<!-- \/ Yoast SEO plugin. -->","yoast_head_json":{"title":"Fruugo - Brand Mentor","robots":{"index":"index","follow":"follow","max-snippet":"max-snippet:-1","max-image-preview":"max-image-preview:large","max-video-preview":"max-video-preview:-1"},"canonical":"https:\/\/brandmentor.com.tr\/en\/neler-yapiyoruz\/e-ihracat\/yurtdisi-pazar-yerleri\/fruugo\/","og_locale":"en_US","og_type":"article","og_title":"Fruugo - Brand Mentor","og_url":"https:\/\/brandmentor.com.tr\/en\/neler-yapiyoruz\/e-ihracat\/yurtdisi-pazar-yerleri\/fruugo\/","og_site_name":"Brand Mentor","article_publisher":"https:\/\/www.facebook.com\/brandmentortr","article_modified_time":"2024-04-17T14:48:33+00:00","twitter_card":"summary_large_image","twitter_misc":{"Est. reading time":"2 minutes"},"schema":{"@context":"https:\/\/schema.org","@graph":[{"@type":"WebPage","@id":"https:\/\/brandmentor.com.tr\/en\/neler-yapiyoruz\/e-ihracat\/yurtdisi-pazar-yerleri\/fruugo\/","url":"https:\/\/brandmentor.com.tr\/en\/neler-yapiyoruz\/e-ihracat\/yurtdisi-pazar-yerleri\/fruugo\/","name":"Fruugo - Brand Mentor","isPartOf":{"@id":"https:\/\/brandmentor.com.tr\/#website"},"datePublished":"2024-03-15T14:00:43+00:00","dateModified":"2024-04-17T14:48:33+00:00","breadcrumb":{"@id":"https:\/\/brandmentor.com.tr\/en\/neler-yapiyoruz\/e-ihracat\/yurtdisi-pazar-yerleri\/fruugo\/#breadcrumb"},"inLanguage":"en-US","potentialAction":[{"@type":"ReadAction","target":["https:\/\/brandmentor.com.tr\/en\/neler-yapiyoruz\/e-ihracat\/yurtdisi-pazar-yerleri\/fruugo\/"]}]},{"@type":"BreadcrumbList","@id":"https:\/\/brandmentor.com.tr\/en\/neler-yapiyoruz\/e-ihracat\/yurtdisi-pazar-yerleri\/fruugo\/#breadcrumb","itemListElement":[{"@type":"ListItem","position":1,"name":"Anasayfa","item":"https:\/\/brandmentor.com.tr\/en\/"},{"@type":"ListItem","position":2,"name":"Neler Yap\u0131yoruz","item":"https:\/\/brandmentor.com.tr\/en\/neler-yapiyoruz\/"},{"@type":"ListItem","position":3,"name":"E-\u0130hracat","item":"https:\/\/brandmentor.com.tr\/en\/neler-yapiyoruz\/e-ihracat\/"},{"@type":"ListItem","position":4,"name":"Yurtd\u0131\u015f\u0131 Pazar Yerleri","item":"https:\/\/brandmentor.com.tr\/en\/neler-yapiyoruz\/e-ihracat\/yurtdisi-pazar-yerleri\/"},{"@type":"ListItem","position":5,"name":"Fruugo"}]},{"@type":"WebSite","@id":"https:\/\/brandmentor.com.tr\/#website","url":"https:\/\/brandmentor.com.tr\/","name":"Brand Mentor","description":"","publisher":{"@id":"https:\/\/brandmentor.com.tr\/#organization"},"alternateName":"Brand Mentor","potentialAction":[{"@type":"SearchAction","target":{"@type":"EntryPoint","urlTemplate":"https:\/\/brandmentor.com.tr\/?s={search_term_string}"},"query-input":"required name=search_term_string"}],"inLanguage":"en-US"},{"@type":"Organization","@id":"https:\/\/brandmentor.com.tr\/#organization","name":"Brand Mentor","alternateName":"Brand Mentor","url":"https:\/\/brandmentor.com.tr\/","logo":{"@type":"ImageObject","inLanguage":"en-US","@id":"https:\/\/brandmentor.com.tr\/#\/schema\/logo\/image\/","url":"https:\/\/brandmentor.com.tr\/wp-content\/uploads\/2024\/04\/logo1.svg","contentUrl":"https:\/\/brandmentor.com.tr\/wp-content\/uploads\/2024\/04\/logo1.svg","width":"1024","height":"1024","caption":"Brand Mentor"},"image":{"@id":"https:\/\/brandmentor.com.tr\/#\/schema\/logo\/image\/"},"sameAs":["https:\/\/www.facebook.com\/brandmentortr","https:\/\/www.instagram.com\/brandmentor\/"]}]}},"_links":{"self":[{"href":"https:\/\/brandmentor.com.tr\/en\/wp-json\/wp\/v2\/pages\/24155"}],"collection":[{"href":"https:\/\/brandmentor.com.tr\/en\/wp-json\/wp\/v2\/pages"}],"about":[{"href":"https:\/\/brandmentor.com.tr\/en\/wp-json\/wp\/v2\/types\/page"}],"author":[{"embeddable":true,"href":"https:\/\/brandmentor.com.tr\/en\/wp-json\/wp\/v2\/users\/1"}],"replies":[{"embeddable":true,"href":"https:\/\/brandmentor.com.tr\/en\/wp-json\/wp\/v2\/comments?post=24155"}],"version-history":[{"count":1,"href":"https:\/\/brandmentor.com.tr\/en\/wp-json\/wp\/v2\/pages\/24155\/revisions"}],"predecessor-version":[{"id":24214,"href":"https:\/\/brandmentor.com.tr\/en\/wp-json\/wp\/v2\/pages\/24155\/revisions\/24214"}],"up":[{"embeddable":true,"href":"https:\/\/brandmentor.com.tr\/en\/wp-json\/wp\/v2\/pages\/24161"}],"wp:attachment":[{"href":"https:\/\/brandmentor.com.tr\/en\/wp-json\/wp\/v2\/media?parent=24155"}],"curies":[{"name":"wp","href":"https:\/\/api.w.org\/{rel}","templated":true}]}}