{"id":24156,"date":"2024-03-15T16:59:19","date_gmt":"2024-03-15T13:59:19","guid":{"rendered":"https:\/\/brandmentor.com.tr\/ozon\/"},"modified":"2024-04-17T17:48:51","modified_gmt":"2024-04-17T14:48:51","slug":"ozon","status":"publish","type":"page","link":"https:\/\/brandmentor.com.tr\/en\/neler-yapiyoruz\/e-ihracat\/yurtdisi-pazar-yerleri\/ozon\/","title":{"rendered":"Ozon"},"content":{"rendered":"<div class=\"wpb-content-wrapper\"><section id=\"about\" data-vc-full-width=\"true\" data-vc-full-width-init=\"false\" class=\"vc_row wpb_row vc_row-fluid  vc_custom_1507611558727 pofo-stretch-content pofo-stretch-row-container\"><div class=\"wpb_column vc_column_container vc_col-lg-2 vc_col-md-1 vc_hidden- sm col-xs-mobile-fullwidth\"><div class=\"vc_column-inner \"><div class=\"wpb_wrapper\"><\/div><\/div><\/div><div class=\"wpb_column vc_column_container vc_col-lg-8 vc_col-md-10 col-xs-mobile-fullwidth text-left pofo-column-responsive-69e24e6aab9f4\"><div class=\"vc_column-inner vc_custom_1710490760104\"><div class=\"wpb_wrapper\"><h5 class=\"text-extra-dark-gray margin-20px-bottom font-weight-600 display-inline-block alt-font heading-style2  heading-1\" >Ozon<\/h5><div class=\"last-paragraph-no-margin pofo-text-block-responsive-69e24e6aabab7\" style=\"width: width-100;\"><p>Ozon is a Russia-based e-commerce platform and It has over 46 million active users. Especially recently, Ozon has taken important steps to bring Turkish sellers to the platform. This marketplace, which has 95% of its website from Russia, also receives orders from countries such as Belarus, Kazakhstan and Armenia. Businesses that will sell from Turkey can export to Russia by sending their products to delivery points in major cities such as Istanbul, Ankara, Antalya and Izmir. Payments are made in Rubles or Dollars, depending on the seller&#8217;s preference.<\/p>\n<p>By stepping into the Russian market, you can expand your e-commerce network internationally. The population in Russia is quite prone to shopping via e-commerce and the demand for Turkish products is quite high. Ozon is one of the oldest and most reliable marketplaces in Russia and has an extensive logistics distribution service. Additionally, there is a widespread cargo vending network throughout the country.<\/p>\n<p>When selling on Ozone, you do not have to take payment only in Rubles; You can also receive your payments to your dollar account in Turkey. Additionally, it offers low commission rates for marketplace sellers. As Brand Mentor, we professionally manage all store opening and subsequent e-commerce operations on behalf of your company at Ozon.<\/p>\n<\/div><\/div><\/div><\/div><div class=\"wpb_column vc_column_container vc_col-lg-2 vc_col-md-1 vc_hidden-sm col-xs-mobile-fullwidth\"><div class=\"vc_column-inner \"><div class=\"wpb_wrapper\"><\/div><\/div><\/div><\/section><div class=\"vc_row-full-width vc_clearfix\"><\/div>\n<\/div>","protected":false},"excerpt":{"rendered":"OzonOzon is a Russia-based e-commerce platform and It has over 46 million active users. Especially recently, Ozon has taken important steps to bring Turkish sellers to the platform. This marketplace, which has 95% of its website from Russia, also receives orders from countries such as Belarus, Kazakhstan and Armenia. Businesses that will sell from Turkey can export to Russia by sending their products to delivery points in major cities such as Istanbul, Ankara, Antalya and Izmir. Payments are made in Rubles or Dollars, depending on the seller's preference. By stepping into the Russian market, you can expand your e-commerce network internationally. The population in Russia is quite prone to shopping via e-commerce and the demand for Turkish products is quite high. Ozon is one of the oldest and most reliable marketplaces in Russia and has an extensive logistics distribution service. Additionally, there is a widespread cargo vending network throughout the country. When selling on Ozone, you do not have to take payment only in Rubles; You can also receive your payments to your dollar account in Turkey. Additionally, it offers low commission rates for marketplace sellers. As Brand Mentor, we professionally manage all store opening and subsequent e-commerce operations on...","protected":false},"author":1,"featured_media":0,"parent":24161,"menu_order":0,"comment_status":"closed","ping_status":"closed","template":"","meta":{"inline_featured_image":false,"footnotes":""},"yoast_head":"<!-- This site is optimized with the Yoast SEO plugin v22.5 - https:\/\/yoast.com\/wordpress\/plugins\/seo\/ -->\n<title>Ozon - Brand Mentor<\/title>\n<meta name=\"robots\" content=\"index, follow, max-snippet:-1, max-image-preview:large, max-video-preview:-1\" \/>\n<link rel=\"canonical\" href=\"https:\/\/brandmentor.com.tr\/en\/neler-yapiyoruz\/e-ihracat\/yurtdisi-pazar-yerleri\/ozon\/\" \/>\n<meta property=\"og:locale\" content=\"en_US\" \/>\n<meta property=\"og:type\" content=\"article\" \/>\n<meta property=\"og:title\" content=\"Ozon - Brand Mentor\" \/>\n<meta property=\"og:url\" content=\"https:\/\/brandmentor.com.tr\/en\/neler-yapiyoruz\/e-ihracat\/yurtdisi-pazar-yerleri\/ozon\/\" \/>\n<meta property=\"og:site_name\" content=\"Brand Mentor\" \/>\n<meta property=\"article:publisher\" content=\"https:\/\/www.facebook.com\/brandmentortr\" \/>\n<meta property=\"article:modified_time\" content=\"2024-04-17T14:48:51+00:00\" \/>\n<meta name=\"twitter:card\" content=\"summary_large_image\" \/>\n<meta name=\"twitter:label1\" content=\"Est. reading time\" \/>\n\t<meta name=\"twitter:data1\" content=\"2 minutes\" \/>\n<script type=\"application\/ld+json\" class=\"yoast-schema-graph\">{\"@context\":\"https:\/\/schema.org\",\"@graph\":[{\"@type\":\"WebPage\",\"@id\":\"https:\/\/brandmentor.com.tr\/en\/neler-yapiyoruz\/e-ihracat\/yurtdisi-pazar-yerleri\/ozon\/\",\"url\":\"https:\/\/brandmentor.com.tr\/en\/neler-yapiyoruz\/e-ihracat\/yurtdisi-pazar-yerleri\/ozon\/\",\"name\":\"Ozon - Brand Mentor\",\"isPartOf\":{\"@id\":\"https:\/\/brandmentor.com.tr\/#website\"},\"datePublished\":\"2024-03-15T13:59:19+00:00\",\"dateModified\":\"2024-04-17T14:48:51+00:00\",\"breadcrumb\":{\"@id\":\"https:\/\/brandmentor.com.tr\/en\/neler-yapiyoruz\/e-ihracat\/yurtdisi-pazar-yerleri\/ozon\/#breadcrumb\"},\"inLanguage\":\"en-US\",\"potentialAction\":[{\"@type\":\"ReadAction\",\"target\":[\"https:\/\/brandmentor.com.tr\/en\/neler-yapiyoruz\/e-ihracat\/yurtdisi-pazar-yerleri\/ozon\/\"]}]},{\"@type\":\"BreadcrumbList\",\"@id\":\"https:\/\/brandmentor.com.tr\/en\/neler-yapiyoruz\/e-ihracat\/yurtdisi-pazar-yerleri\/ozon\/#breadcrumb\",\"itemListElement\":[{\"@type\":\"ListItem\",\"position\":1,\"name\":\"Anasayfa\",\"item\":\"https:\/\/brandmentor.com.tr\/en\/\"},{\"@type\":\"ListItem\",\"position\":2,\"name\":\"Neler Yap\u0131yoruz\",\"item\":\"https:\/\/brandmentor.com.tr\/en\/neler-yapiyoruz\/\"},{\"@type\":\"ListItem\",\"position\":3,\"name\":\"E-\u0130hracat\",\"item\":\"https:\/\/brandmentor.com.tr\/en\/neler-yapiyoruz\/e-ihracat\/\"},{\"@type\":\"ListItem\",\"position\":4,\"name\":\"Yurtd\u0131\u015f\u0131 Pazar Yerleri\",\"item\":\"https:\/\/brandmentor.com.tr\/en\/neler-yapiyoruz\/e-ihracat\/yurtdisi-pazar-yerleri\/\"},{\"@type\":\"ListItem\",\"position\":5,\"name\":\"Ozon\"}]},{\"@type\":\"WebSite\",\"@id\":\"https:\/\/brandmentor.com.tr\/#website\",\"url\":\"https:\/\/brandmentor.com.tr\/\",\"name\":\"Brand Mentor\",\"description\":\"\",\"publisher\":{\"@id\":\"https:\/\/brandmentor.com.tr\/#organization\"},\"alternateName\":\"Brand Mentor\",\"potentialAction\":[{\"@type\":\"SearchAction\",\"target\":{\"@type\":\"EntryPoint\",\"urlTemplate\":\"https:\/\/brandmentor.com.tr\/?s={search_term_string}\"},\"query-input\":\"required name=search_term_string\"}],\"inLanguage\":\"en-US\"},{\"@type\":\"Organization\",\"@id\":\"https:\/\/brandmentor.com.tr\/#organization\",\"name\":\"Brand Mentor\",\"alternateName\":\"Brand Mentor\",\"url\":\"https:\/\/brandmentor.com.tr\/\",\"logo\":{\"@type\":\"ImageObject\",\"inLanguage\":\"en-US\",\"@id\":\"https:\/\/brandmentor.com.tr\/#\/schema\/logo\/image\/\",\"url\":\"https:\/\/brandmentor.com.tr\/wp-content\/uploads\/2024\/04\/logo1.svg\",\"contentUrl\":\"https:\/\/brandmentor.com.tr\/wp-content\/uploads\/2024\/04\/logo1.svg\",\"width\":\"1024\",\"height\":\"1024\",\"caption\":\"Brand Mentor\"},\"image\":{\"@id\":\"https:\/\/brandmentor.com.tr\/#\/schema\/logo\/image\/\"},\"sameAs\":[\"https:\/\/www.facebook.com\/brandmentortr\",\"https:\/\/www.instagram.com\/brandmentor\/\"]}]}<\/script>\n<!-- \/ Yoast SEO plugin. -->","yoast_head_json":{"title":"Ozon - Brand Mentor","robots":{"index":"index","follow":"follow","max-snippet":"max-snippet:-1","max-image-preview":"max-image-preview:large","max-video-preview":"max-video-preview:-1"},"canonical":"https:\/\/brandmentor.com.tr\/en\/neler-yapiyoruz\/e-ihracat\/yurtdisi-pazar-yerleri\/ozon\/","og_locale":"en_US","og_type":"article","og_title":"Ozon - Brand Mentor","og_url":"https:\/\/brandmentor.com.tr\/en\/neler-yapiyoruz\/e-ihracat\/yurtdisi-pazar-yerleri\/ozon\/","og_site_name":"Brand Mentor","article_publisher":"https:\/\/www.facebook.com\/brandmentortr","article_modified_time":"2024-04-17T14:48:51+00:00","twitter_card":"summary_large_image","twitter_misc":{"Est. reading time":"2 minutes"},"schema":{"@context":"https:\/\/schema.org","@graph":[{"@type":"WebPage","@id":"https:\/\/brandmentor.com.tr\/en\/neler-yapiyoruz\/e-ihracat\/yurtdisi-pazar-yerleri\/ozon\/","url":"https:\/\/brandmentor.com.tr\/en\/neler-yapiyoruz\/e-ihracat\/yurtdisi-pazar-yerleri\/ozon\/","name":"Ozon - Brand Mentor","isPartOf":{"@id":"https:\/\/brandmentor.com.tr\/#website"},"datePublished":"2024-03-15T13:59:19+00:00","dateModified":"2024-04-17T14:48:51+00:00","breadcrumb":{"@id":"https:\/\/brandmentor.com.tr\/en\/neler-yapiyoruz\/e-ihracat\/yurtdisi-pazar-yerleri\/ozon\/#breadcrumb"},"inLanguage":"en-US","potentialAction":[{"@type":"ReadAction","target":["https:\/\/brandmentor.com.tr\/en\/neler-yapiyoruz\/e-ihracat\/yurtdisi-pazar-yerleri\/ozon\/"]}]},{"@type":"BreadcrumbList","@id":"https:\/\/brandmentor.com.tr\/en\/neler-yapiyoruz\/e-ihracat\/yurtdisi-pazar-yerleri\/ozon\/#breadcrumb","itemListElement":[{"@type":"ListItem","position":1,"name":"Anasayfa","item":"https:\/\/brandmentor.com.tr\/en\/"},{"@type":"ListItem","position":2,"name":"Neler Yap\u0131yoruz","item":"https:\/\/brandmentor.com.tr\/en\/neler-yapiyoruz\/"},{"@type":"ListItem","position":3,"name":"E-\u0130hracat","item":"https:\/\/brandmentor.com.tr\/en\/neler-yapiyoruz\/e-ihracat\/"},{"@type":"ListItem","position":4,"name":"Yurtd\u0131\u015f\u0131 Pazar Yerleri","item":"https:\/\/brandmentor.com.tr\/en\/neler-yapiyoruz\/e-ihracat\/yurtdisi-pazar-yerleri\/"},{"@type":"ListItem","position":5,"name":"Ozon"}]},{"@type":"WebSite","@id":"https:\/\/brandmentor.com.tr\/#website","url":"https:\/\/brandmentor.com.tr\/","name":"Brand Mentor","description":"","publisher":{"@id":"https:\/\/brandmentor.com.tr\/#organization"},"alternateName":"Brand Mentor","potentialAction":[{"@type":"SearchAction","target":{"@type":"EntryPoint","urlTemplate":"https:\/\/brandmentor.com.tr\/?s={search_term_string}"},"query-input":"required name=search_term_string"}],"inLanguage":"en-US"},{"@type":"Organization","@id":"https:\/\/brandmentor.com.tr\/#organization","name":"Brand Mentor","alternateName":"Brand Mentor","url":"https:\/\/brandmentor.com.tr\/","logo":{"@type":"ImageObject","inLanguage":"en-US","@id":"https:\/\/brandmentor.com.tr\/#\/schema\/logo\/image\/","url":"https:\/\/brandmentor.com.tr\/wp-content\/uploads\/2024\/04\/logo1.svg","contentUrl":"https:\/\/brandmentor.com.tr\/wp-content\/uploads\/2024\/04\/logo1.svg","width":"1024","height":"1024","caption":"Brand Mentor"},"image":{"@id":"https:\/\/brandmentor.com.tr\/#\/schema\/logo\/image\/"},"sameAs":["https:\/\/www.facebook.com\/brandmentortr","https:\/\/www.instagram.com\/brandmentor\/"]}]}},"_links":{"self":[{"href":"https:\/\/brandmentor.com.tr\/en\/wp-json\/wp\/v2\/pages\/24156"}],"collection":[{"href":"https:\/\/brandmentor.com.tr\/en\/wp-json\/wp\/v2\/pages"}],"about":[{"href":"https:\/\/brandmentor.com.tr\/en\/wp-json\/wp\/v2\/types\/page"}],"author":[{"embeddable":true,"href":"https:\/\/brandmentor.com.tr\/en\/wp-json\/wp\/v2\/users\/1"}],"replies":[{"embeddable":true,"href":"https:\/\/brandmentor.com.tr\/en\/wp-json\/wp\/v2\/comments?post=24156"}],"version-history":[{"count":1,"href":"https:\/\/brandmentor.com.tr\/en\/wp-json\/wp\/v2\/pages\/24156\/revisions"}],"predecessor-version":[{"id":24215,"href":"https:\/\/brandmentor.com.tr\/en\/wp-json\/wp\/v2\/pages\/24156\/revisions\/24215"}],"up":[{"embeddable":true,"href":"https:\/\/brandmentor.com.tr\/en\/wp-json\/wp\/v2\/pages\/24161"}],"wp:attachment":[{"href":"https:\/\/brandmentor.com.tr\/en\/wp-json\/wp\/v2\/media?parent=24156"}],"curies":[{"name":"wp","href":"https:\/\/api.w.org\/{rel}","templated":true}]}}