{"id":24157,"date":"2024-03-15T16:57:41","date_gmt":"2024-03-15T13:57:41","guid":{"rendered":"https:\/\/brandmentor.com.tr\/walmart\/"},"modified":"2024-04-17T17:49:07","modified_gmt":"2024-04-17T14:49:07","slug":"walmart","status":"publish","type":"page","link":"https:\/\/brandmentor.com.tr\/en\/neler-yapiyoruz\/e-ihracat\/yurtdisi-pazar-yerleri\/walmart\/","title":{"rendered":"Walmart"},"content":{"rendered":"<div class=\"wpb-content-wrapper\"><section id=\"about\" data-vc-full-width=\"true\" data-vc-full-width-init=\"false\" class=\"vc_row wpb_row vc_row-fluid  vc_custom_1507611558727 pofo-stretch-content pofo-stretch-row-container\"><\/section><div class=\"vc_row-full-width vc_clearfix\"><\/div><div class=\"wpb_column vc_column_container vc_col-lg-2 vc_col-md-1 vc_hidden- sm col-xs-mobile-fullwidth\"><div class=\"vc_column-inner \"><div class=\"wpb_wrapper\"><\/div><\/div><\/div><div class=\"wpb_column vc_column_container vc_col-lg-8 vc_col-md-10 col-xs-mobile-fullwidth text-left pofo-column-responsive-69e8fcf877e11\"><div class=\"vc_column-inner vc_custom_1710490760104\"><div class=\"wpb_wrapper\"><h5 class=\"text-extra-dark-gray margin-20px-bottom font-weight-600 display-inline-block alt-font heading-style2  heading-1\" >Walmart<\/h5><div class=\"last-paragraph-no-margin pofo-text-block-responsive-69e8fcf877ef9\" style=\"width: width-100;\"><p>Walmart is in the field of e-commerce in America, Canada, It is a leading marketplace in major markets such as the UK and Mexico. Particularly in America, Walmart has a strong presence in the digital space, attracting 400 million web traffic monthly. It reaches a wide customer base by hosting 230 million customers every week in both its online and physical stores. Last year, sales of 573 billion dollars were made worldwide, and the fact that it has 7% of e-commerce sales in the American market shows the importance and influence of Walmart.<\/p>\n<p>Walmart is known for its wide selection of products. It hosts 170 million SKU products in many categories such as fashion, electronics, household goods and food. Additionally, Walmart has a monthly traffic of 1.155 billion, offering great potential for sellers. Walmart also draws attention with its fulfillment service called wfs. This service helps sellers manage their operations such as shipping, packaging, returns and customer service. In this way, sellers can run their business more efficiently and offer customers a fast and reliable shopping experience.<\/p>\n<p>By selling at Walmart, you can get your share of this huge market and grow your business internationally. As Brand Mentor, we provide comprehensive consultancy and management services to our customers selling at Walmart, helping them export their products to the American market. Contact Brand Mentor to step into export and achieve success at Walmart.<\/p>\n<\/div><\/div><\/div><\/div><div class=\"wpb_column vc_column_container vc_col-lg-2 vc_col-md-1 vc_hidden-sm col-xs-mobile-fullwidth\"><div class=\"vc_column-inner \"><div class=\"wpb_wrapper\"><\/div><\/div><\/div>[\/ vc_row]<\/p>\n<\/div>","protected":false},"excerpt":{"rendered":"<p>[\/ vc_row]<\/p>\n","protected":false},"author":1,"featured_media":0,"parent":24161,"menu_order":0,"comment_status":"closed","ping_status":"closed","template":"","meta":{"inline_featured_image":false,"footnotes":""},"yoast_head":"<!-- This site is optimized with the Yoast SEO plugin v22.5 - https:\/\/yoast.com\/wordpress\/plugins\/seo\/ -->\n<title>Walmart - Brand Mentor<\/title>\n<meta name=\"robots\" content=\"index, follow, max-snippet:-1, max-image-preview:large, max-video-preview:-1\" \/>\n<link rel=\"canonical\" href=\"https:\/\/brandmentor.com.tr\/en\/neler-yapiyoruz\/e-ihracat\/yurtdisi-pazar-yerleri\/walmart\/\" \/>\n<meta property=\"og:locale\" content=\"en_US\" \/>\n<meta property=\"og:type\" content=\"article\" \/>\n<meta property=\"og:title\" content=\"Walmart - Brand Mentor\" \/>\n<meta property=\"og:description\" content=\"[\/ vc_row]\" \/>\n<meta property=\"og:url\" content=\"https:\/\/brandmentor.com.tr\/en\/neler-yapiyoruz\/e-ihracat\/yurtdisi-pazar-yerleri\/walmart\/\" \/>\n<meta property=\"og:site_name\" content=\"Brand Mentor\" \/>\n<meta property=\"article:publisher\" content=\"https:\/\/www.facebook.com\/brandmentortr\" \/>\n<meta property=\"article:modified_time\" content=\"2024-04-17T14:49:07+00:00\" \/>\n<meta name=\"twitter:card\" content=\"summary_large_image\" \/>\n<meta name=\"twitter:label1\" content=\"Est. reading time\" \/>\n\t<meta name=\"twitter:data1\" content=\"2 minutes\" \/>\n<script type=\"application\/ld+json\" class=\"yoast-schema-graph\">{\"@context\":\"https:\/\/schema.org\",\"@graph\":[{\"@type\":\"WebPage\",\"@id\":\"https:\/\/brandmentor.com.tr\/en\/neler-yapiyoruz\/e-ihracat\/yurtdisi-pazar-yerleri\/walmart\/\",\"url\":\"https:\/\/brandmentor.com.tr\/en\/neler-yapiyoruz\/e-ihracat\/yurtdisi-pazar-yerleri\/walmart\/\",\"name\":\"Walmart - Brand Mentor\",\"isPartOf\":{\"@id\":\"https:\/\/brandmentor.com.tr\/#website\"},\"datePublished\":\"2024-03-15T13:57:41+00:00\",\"dateModified\":\"2024-04-17T14:49:07+00:00\",\"breadcrumb\":{\"@id\":\"https:\/\/brandmentor.com.tr\/en\/neler-yapiyoruz\/e-ihracat\/yurtdisi-pazar-yerleri\/walmart\/#breadcrumb\"},\"inLanguage\":\"en-US\",\"potentialAction\":[{\"@type\":\"ReadAction\",\"target\":[\"https:\/\/brandmentor.com.tr\/en\/neler-yapiyoruz\/e-ihracat\/yurtdisi-pazar-yerleri\/walmart\/\"]}]},{\"@type\":\"BreadcrumbList\",\"@id\":\"https:\/\/brandmentor.com.tr\/en\/neler-yapiyoruz\/e-ihracat\/yurtdisi-pazar-yerleri\/walmart\/#breadcrumb\",\"itemListElement\":[{\"@type\":\"ListItem\",\"position\":1,\"name\":\"Anasayfa\",\"item\":\"https:\/\/brandmentor.com.tr\/en\/\"},{\"@type\":\"ListItem\",\"position\":2,\"name\":\"Neler Yap\u0131yoruz\",\"item\":\"https:\/\/brandmentor.com.tr\/en\/neler-yapiyoruz\/\"},{\"@type\":\"ListItem\",\"position\":3,\"name\":\"E-\u0130hracat\",\"item\":\"https:\/\/brandmentor.com.tr\/en\/neler-yapiyoruz\/e-ihracat\/\"},{\"@type\":\"ListItem\",\"position\":4,\"name\":\"Yurtd\u0131\u015f\u0131 Pazar Yerleri\",\"item\":\"https:\/\/brandmentor.com.tr\/en\/neler-yapiyoruz\/e-ihracat\/yurtdisi-pazar-yerleri\/\"},{\"@type\":\"ListItem\",\"position\":5,\"name\":\"Walmart\"}]},{\"@type\":\"WebSite\",\"@id\":\"https:\/\/brandmentor.com.tr\/#website\",\"url\":\"https:\/\/brandmentor.com.tr\/\",\"name\":\"Brand Mentor\",\"description\":\"\",\"publisher\":{\"@id\":\"https:\/\/brandmentor.com.tr\/#organization\"},\"alternateName\":\"Brand Mentor\",\"potentialAction\":[{\"@type\":\"SearchAction\",\"target\":{\"@type\":\"EntryPoint\",\"urlTemplate\":\"https:\/\/brandmentor.com.tr\/?s={search_term_string}\"},\"query-input\":\"required name=search_term_string\"}],\"inLanguage\":\"en-US\"},{\"@type\":\"Organization\",\"@id\":\"https:\/\/brandmentor.com.tr\/#organization\",\"name\":\"Brand Mentor\",\"alternateName\":\"Brand Mentor\",\"url\":\"https:\/\/brandmentor.com.tr\/\",\"logo\":{\"@type\":\"ImageObject\",\"inLanguage\":\"en-US\",\"@id\":\"https:\/\/brandmentor.com.tr\/#\/schema\/logo\/image\/\",\"url\":\"https:\/\/brandmentor.com.tr\/wp-content\/uploads\/2024\/04\/logo1.svg\",\"contentUrl\":\"https:\/\/brandmentor.com.tr\/wp-content\/uploads\/2024\/04\/logo1.svg\",\"width\":\"1024\",\"height\":\"1024\",\"caption\":\"Brand Mentor\"},\"image\":{\"@id\":\"https:\/\/brandmentor.com.tr\/#\/schema\/logo\/image\/\"},\"sameAs\":[\"https:\/\/www.facebook.com\/brandmentortr\",\"https:\/\/www.instagram.com\/brandmentor\/\"]}]}<\/script>\n<!-- \/ Yoast SEO plugin. -->","yoast_head_json":{"title":"Walmart - Brand Mentor","robots":{"index":"index","follow":"follow","max-snippet":"max-snippet:-1","max-image-preview":"max-image-preview:large","max-video-preview":"max-video-preview:-1"},"canonical":"https:\/\/brandmentor.com.tr\/en\/neler-yapiyoruz\/e-ihracat\/yurtdisi-pazar-yerleri\/walmart\/","og_locale":"en_US","og_type":"article","og_title":"Walmart - Brand Mentor","og_description":"[\/ vc_row]","og_url":"https:\/\/brandmentor.com.tr\/en\/neler-yapiyoruz\/e-ihracat\/yurtdisi-pazar-yerleri\/walmart\/","og_site_name":"Brand Mentor","article_publisher":"https:\/\/www.facebook.com\/brandmentortr","article_modified_time":"2024-04-17T14:49:07+00:00","twitter_card":"summary_large_image","twitter_misc":{"Est. reading time":"2 minutes"},"schema":{"@context":"https:\/\/schema.org","@graph":[{"@type":"WebPage","@id":"https:\/\/brandmentor.com.tr\/en\/neler-yapiyoruz\/e-ihracat\/yurtdisi-pazar-yerleri\/walmart\/","url":"https:\/\/brandmentor.com.tr\/en\/neler-yapiyoruz\/e-ihracat\/yurtdisi-pazar-yerleri\/walmart\/","name":"Walmart - Brand Mentor","isPartOf":{"@id":"https:\/\/brandmentor.com.tr\/#website"},"datePublished":"2024-03-15T13:57:41+00:00","dateModified":"2024-04-17T14:49:07+00:00","breadcrumb":{"@id":"https:\/\/brandmentor.com.tr\/en\/neler-yapiyoruz\/e-ihracat\/yurtdisi-pazar-yerleri\/walmart\/#breadcrumb"},"inLanguage":"en-US","potentialAction":[{"@type":"ReadAction","target":["https:\/\/brandmentor.com.tr\/en\/neler-yapiyoruz\/e-ihracat\/yurtdisi-pazar-yerleri\/walmart\/"]}]},{"@type":"BreadcrumbList","@id":"https:\/\/brandmentor.com.tr\/en\/neler-yapiyoruz\/e-ihracat\/yurtdisi-pazar-yerleri\/walmart\/#breadcrumb","itemListElement":[{"@type":"ListItem","position":1,"name":"Anasayfa","item":"https:\/\/brandmentor.com.tr\/en\/"},{"@type":"ListItem","position":2,"name":"Neler Yap\u0131yoruz","item":"https:\/\/brandmentor.com.tr\/en\/neler-yapiyoruz\/"},{"@type":"ListItem","position":3,"name":"E-\u0130hracat","item":"https:\/\/brandmentor.com.tr\/en\/neler-yapiyoruz\/e-ihracat\/"},{"@type":"ListItem","position":4,"name":"Yurtd\u0131\u015f\u0131 Pazar Yerleri","item":"https:\/\/brandmentor.com.tr\/en\/neler-yapiyoruz\/e-ihracat\/yurtdisi-pazar-yerleri\/"},{"@type":"ListItem","position":5,"name":"Walmart"}]},{"@type":"WebSite","@id":"https:\/\/brandmentor.com.tr\/#website","url":"https:\/\/brandmentor.com.tr\/","name":"Brand Mentor","description":"","publisher":{"@id":"https:\/\/brandmentor.com.tr\/#organization"},"alternateName":"Brand Mentor","potentialAction":[{"@type":"SearchAction","target":{"@type":"EntryPoint","urlTemplate":"https:\/\/brandmentor.com.tr\/?s={search_term_string}"},"query-input":"required name=search_term_string"}],"inLanguage":"en-US"},{"@type":"Organization","@id":"https:\/\/brandmentor.com.tr\/#organization","name":"Brand Mentor","alternateName":"Brand Mentor","url":"https:\/\/brandmentor.com.tr\/","logo":{"@type":"ImageObject","inLanguage":"en-US","@id":"https:\/\/brandmentor.com.tr\/#\/schema\/logo\/image\/","url":"https:\/\/brandmentor.com.tr\/wp-content\/uploads\/2024\/04\/logo1.svg","contentUrl":"https:\/\/brandmentor.com.tr\/wp-content\/uploads\/2024\/04\/logo1.svg","width":"1024","height":"1024","caption":"Brand Mentor"},"image":{"@id":"https:\/\/brandmentor.com.tr\/#\/schema\/logo\/image\/"},"sameAs":["https:\/\/www.facebook.com\/brandmentortr","https:\/\/www.instagram.com\/brandmentor\/"]}]}},"_links":{"self":[{"href":"https:\/\/brandmentor.com.tr\/en\/wp-json\/wp\/v2\/pages\/24157"}],"collection":[{"href":"https:\/\/brandmentor.com.tr\/en\/wp-json\/wp\/v2\/pages"}],"about":[{"href":"https:\/\/brandmentor.com.tr\/en\/wp-json\/wp\/v2\/types\/page"}],"author":[{"embeddable":true,"href":"https:\/\/brandmentor.com.tr\/en\/wp-json\/wp\/v2\/users\/1"}],"replies":[{"embeddable":true,"href":"https:\/\/brandmentor.com.tr\/en\/wp-json\/wp\/v2\/comments?post=24157"}],"version-history":[{"count":1,"href":"https:\/\/brandmentor.com.tr\/en\/wp-json\/wp\/v2\/pages\/24157\/revisions"}],"predecessor-version":[{"id":24216,"href":"https:\/\/brandmentor.com.tr\/en\/wp-json\/wp\/v2\/pages\/24157\/revisions\/24216"}],"up":[{"embeddable":true,"href":"https:\/\/brandmentor.com.tr\/en\/wp-json\/wp\/v2\/pages\/24161"}],"wp:attachment":[{"href":"https:\/\/brandmentor.com.tr\/en\/wp-json\/wp\/v2\/media?parent=24157"}],"curies":[{"name":"wp","href":"https:\/\/api.w.org\/{rel}","templated":true}]}}