{"id":24158,"date":"2024-03-15T16:53:34","date_gmt":"2024-03-15T13:53:34","guid":{"rendered":"https:\/\/brandmentor.com.tr\/ebay\/"},"modified":"2024-04-17T17:51:49","modified_gmt":"2024-04-17T14:51:49","slug":"ebay","status":"publish","type":"page","link":"https:\/\/brandmentor.com.tr\/en\/neler-yapiyoruz\/e-ihracat\/yurtdisi-pazar-yerleri\/ebay\/","title":{"rendered":"eBay"},"content":{"rendered":"<div class=\"wpb-content-wrapper\"><section id=\"about\" data-vc-full-width=\"true\" data-vc-full-width-init=\"false\" class=\"vc_row wpb_row vc_row-fluid  vc_custom_1507611558727 pofo-stretch-content pofo-stretch-row-container\"><div class=\"wpb_column vc_column_container vc_col-lg-2 vc_col-md-1 vc_hidden- sm col-xs-mobile-fullwidth\"><div class=\"vc_column-inner \"><div class=\"wpb_wrapper\"><\/div><\/div><\/div><div class=\"wpb_column vc_column_container vc_col-lg-8 vc_col-md-10 col-xs-mobile-fullwidth text-left pofo-column-responsive-69e912500dfc4\"><div class=\"vc_column-inner vc_custom_1710490760104\"><div class=\"wpb_wrapper\"><h5 class=\"text-extra-dark-gray margin-20px-bottom font-weight-600 display-inline-block alt-font heading-style2  heading-1\" >Ebay<\/h5><div class=\"last-paragraph-no-margin pofo-text-block-responsive-69e912500e077\" style=\"width: width-100;\"><p>As a Brand Mentor, we offer various services to our customers in the eBay marketplace. We support them to be successful. eBay is a massive marketplace with over 190 million active buyers worldwide and over 1.4 billion items listed.<\/p>\n<\/div>[vc_empty_space]<div class=\"feature-content padding-30px-all sm-padding-20px-all bg-white box-shadow-light featurebox25-1 services-list-easein featurebox25 pofo-featurebox\" ><div class=\"alt-font font-weight-600 text-extra-dark-gray margin-10px-bottom\"><span class=\"text-deep-pink margin-5px-right\" style=\"\"> 01<\/span><span class=\"\">Preparing Ebay paperwork<\/span><\/div><div class=\"last-paragraph-no-margin \"><p>We guide our customers in the preparation and correct presentation of the documents required to do business on eBay.<\/p>\n<\/div><\/div><div class=\"feature-content padding-30px-all sm-padding-20px-all bg-white box-shadow-light featurebox25-2 featurebox25 pofo-featurebox\" ><div class=\"alt-font font-weight-600 text-extra-dark-gray margin-10px-bottom\"><span class=\"text-deep-pink margin-5px-right\" style=\"\">02<\/span><span class=\"\">Ebay store opening<\/span><\/div><div class=\"last-paragraph-no-margin \"><p>We help our customers open a store on eBay and configure it correctly. One of the advantages of having a store on eBay is to present a more professional appearance to customers.<\/p>\n<\/div><\/div><div class=\"feature-content padding-30px-all sm-padding-20px-all bg-white box-shadow-light featurebox25-3 featurebox25 pofo-featurebox\" ><div class=\"alt-font font-weight-600 text-extra-dark-gray margin-10px-bottom\"><span class=\"text-deep-pink margin-5px-right\" style=\"\">03<\/span><span class=\"\">Creating product titles with current keywords: <\/span><\/div><div class=\"last-paragraph-no-margin \"><p>We create effective product titles using current keywords to make products appear better on eBay. This allows products to rank higher in search results.<\/p>\n<\/div><\/div><div class=\"feature-content padding-30px-all sm-padding-20px-all bg-white box-shadow-light featurebox25-4 featurebox25 pofo-featurebox\" ><div class=\"alt-font font-weight-600 text-extra-dark-gray margin-10px-bottom\"><span class=\"text-deep-pink margin-5px-right\" style=\"\">04<\/span><span class=\"\">Creation of detailed product descriptions<\/span><\/div><div class=\"last-paragraph-no-margin \"><p>We create effective product descriptions for our customers to introduce their products in a detailed and attractive way. This helps buyers learn more about the product.<\/p>\n<\/div><\/div><div class=\"feature-content padding-30px-all sm-padding-20px-all bg-white box-shadow-light featurebox25-5 featurebox25 pofo-featurebox\" ><div class=\"alt-font font-weight-600 text-extra-dark-gray margin-10px-bottom\"><span class=\"text-deep-pink margin-5px-right\" style=\"\">05<\/span><span class=\"\">Product listing actions<\/span><\/div><div class=\"last-paragraph-no-margin \"><p>We help our customers list their products on eBay by placing them in the right categories and using appropriate pricing strategies. This allows products to sell faster.<\/p>\n<\/div><\/div><div class=\"feature-content padding-30px-all sm-padding-20px-all bg-white box-shadow-light featurebox25-6 featurebox25 pofo-featurebox\" ><div class=\"alt-font font-weight-600 text-extra-dark-gray margin-10px-bottom\"><span class=\"text-deep-pink margin-5px-right\" style=\"\">06<\/span><span class=\"\">Store design<\/span><\/div><div class=\"last-paragraph-no-margin \"><p> We provide consultancy on store design and layouts to ensure the eBay store has a professional and attractive appearance.<\/p>\n<\/div><\/div><div class=\"feature-content padding-30px-all sm-padding-20px-all bg-white box-shadow-light featurebox25-7 featurebox25 pofo-featurebox\" ><div class=\"alt-font font-weight-600 text-extra-dark-gray margin-10px-bottom\"><span class=\"text-deep-pink margin-5px-right\" style=\"\">07<\/span><span class=\"\">Increasing store followers and engagement<\/span><\/div><div class=\"last-paragraph-no-margin \"><p>We develop strategies to increase the visibility of our clients&#8217; eBay stores and attract more followers. This allows stores to reach more potential buyers.<\/p>\n<\/div><\/div><div class=\"feature-content padding-30px-all sm-padding-20px-all bg-white box-shadow-light featurebox25-8 featurebox25 pofo-featurebox\" ><div class=\"alt-font font-weight-600 text-extra-dark-gray margin-10px-bottom\"><span class=\"text-deep-pink margin-5px-right\" style=\"\">08<\/span><span class=\"\">Giving advice on logistics and customs clearance<\/span><\/div><div class=\"last-paragraph-no-margin \"><p>We provide our international sales customers with information and advice on logistics and customs procedures to ensure a smooth delivery process.<\/p>\n<\/div><\/div><div class=\"feature-content padding-30px-all sm-padding-20px-all bg-white box-shadow-light featurebox25-9 featurebox25 pofo-featurebox\" ><div class=\"alt-font font-weight-600 text-extra-dark-gray margin-10px-bottom\"><span class=\"text-deep-pink margin-5px-right\" style=\"\">09<\/span><span class=\"\">Checking and revising existing products<\/span><\/div><div class=\"last-paragraph-no-margin \"><p> We regularly check the performance of our customers&#8217; existing products and help them increase their sales by making the necessary revisions.<\/p>\n<\/div><\/div><div class=\"feature-content padding-30px-all sm-padding-20px-all bg-white box-shadow-light featurebox25-10 featurebox25 pofo-featurebox\" ><div class=\"alt-font font-weight-600 text-extra-dark-gray margin-10px-bottom\"><span class=\"text-deep-pink margin-5px-right\" style=\"\">10<\/span><span class=\"\">Competitor analysis<\/span><\/div><div class=\"last-paragraph-no-margin \"><p>We analyze our customers&#8217; competitors by following the competition on eBay and develop strategies in line with this information.<\/p>\n<\/div><\/div><div class=\"feature-content padding-30px-all sm-padding-20px-all bg-white box-shadow-light featurebox25-11 featurebox25 pofo-featurebox\" ><div class=\"alt-font font-weight-600 text-extra-dark-gray margin-10px-bottom\"><\/div><div class=\"last-paragraph-no-margin \"><p>We advise our customers on the in-platform advertising and campaign options offered by eBay and manage these advertising and campaigns.<\/p>\n<\/div><\/div>By providing regular monthly reports to our customers, we monitor the performance of eBay stores and offer improvement suggestions.[\/pofo_feature_box ]<\/div><\/div><\/div><div class=\"wpb_column vc_column_container vc_col-lg-2 vc_col-md-1 vc_hidden-sm col-xs-mobile-fullwidth\"><div class=\"vc_column-inner \"><div class=\"wpb_wrapper\"><\/div><\/div><\/div><\/section><div class=\"vc_row-full-width vc_clearfix\"><\/div>\n<\/div>","protected":false},"excerpt":{"rendered":"EbayAs a Brand Mentor, we offer various services to our customers in the eBay marketplace. We support them to be successful. eBay is a massive marketplace with over 190 million active buyers worldwide and over 1.4 billion items listed. [vc_empty_space] 01Preparing Ebay paperworkWe guide our customers in the preparation and correct presentation of the documents required to do business on eBay. 02Ebay store openingWe help our customers open a store on eBay and configure it correctly. One of the advantages of having a store on eBay is to present a more professional appearance to customers. 03Creating product titles with current keywords: We create effective product titles using current keywords to make products appear better on eBay. This allows products to rank higher in search results. 04Creation of detailed product descriptionsWe create effective product descriptions for our customers to introduce their products in a detailed and attractive way. This helps buyers learn more about the product. 05Product listing actionsWe help our customers list their products on eBay by placing them in the right categories and using appropriate pricing strategies. This allows products to sell faster. 06Store design We provide consultancy on store design and layouts to ensure the eBay store has...","protected":false},"author":1,"featured_media":0,"parent":24161,"menu_order":0,"comment_status":"closed","ping_status":"closed","template":"","meta":{"inline_featured_image":false,"footnotes":""},"yoast_head":"<!-- This site is optimized with the Yoast SEO plugin v22.5 - https:\/\/yoast.com\/wordpress\/plugins\/seo\/ -->\n<title>eBay - Brand Mentor<\/title>\n<meta name=\"robots\" content=\"index, follow, max-snippet:-1, max-image-preview:large, max-video-preview:-1\" \/>\n<link rel=\"canonical\" href=\"https:\/\/brandmentor.com.tr\/en\/neler-yapiyoruz\/e-ihracat\/yurtdisi-pazar-yerleri\/ebay\/\" \/>\n<meta property=\"og:locale\" content=\"en_US\" \/>\n<meta property=\"og:type\" content=\"article\" \/>\n<meta property=\"og:title\" content=\"eBay - Brand Mentor\" \/>\n<meta property=\"og:url\" content=\"https:\/\/brandmentor.com.tr\/en\/neler-yapiyoruz\/e-ihracat\/yurtdisi-pazar-yerleri\/ebay\/\" \/>\n<meta property=\"og:site_name\" content=\"Brand Mentor\" \/>\n<meta property=\"article:publisher\" content=\"https:\/\/www.facebook.com\/brandmentortr\" \/>\n<meta property=\"article:modified_time\" content=\"2024-04-17T14:51:49+00:00\" \/>\n<meta name=\"twitter:card\" content=\"summary_large_image\" \/>\n<meta name=\"twitter:label1\" content=\"Est. reading time\" \/>\n\t<meta name=\"twitter:data1\" content=\"4 minutes\" \/>\n<script type=\"application\/ld+json\" class=\"yoast-schema-graph\">{\"@context\":\"https:\/\/schema.org\",\"@graph\":[{\"@type\":\"WebPage\",\"@id\":\"https:\/\/brandmentor.com.tr\/en\/neler-yapiyoruz\/e-ihracat\/yurtdisi-pazar-yerleri\/ebay\/\",\"url\":\"https:\/\/brandmentor.com.tr\/en\/neler-yapiyoruz\/e-ihracat\/yurtdisi-pazar-yerleri\/ebay\/\",\"name\":\"eBay - Brand Mentor\",\"isPartOf\":{\"@id\":\"https:\/\/brandmentor.com.tr\/#website\"},\"datePublished\":\"2024-03-15T13:53:34+00:00\",\"dateModified\":\"2024-04-17T14:51:49+00:00\",\"breadcrumb\":{\"@id\":\"https:\/\/brandmentor.com.tr\/en\/neler-yapiyoruz\/e-ihracat\/yurtdisi-pazar-yerleri\/ebay\/#breadcrumb\"},\"inLanguage\":\"en-US\",\"potentialAction\":[{\"@type\":\"ReadAction\",\"target\":[\"https:\/\/brandmentor.com.tr\/en\/neler-yapiyoruz\/e-ihracat\/yurtdisi-pazar-yerleri\/ebay\/\"]}]},{\"@type\":\"BreadcrumbList\",\"@id\":\"https:\/\/brandmentor.com.tr\/en\/neler-yapiyoruz\/e-ihracat\/yurtdisi-pazar-yerleri\/ebay\/#breadcrumb\",\"itemListElement\":[{\"@type\":\"ListItem\",\"position\":1,\"name\":\"Anasayfa\",\"item\":\"https:\/\/brandmentor.com.tr\/en\/\"},{\"@type\":\"ListItem\",\"position\":2,\"name\":\"Neler Yap\u0131yoruz\",\"item\":\"https:\/\/brandmentor.com.tr\/en\/neler-yapiyoruz\/\"},{\"@type\":\"ListItem\",\"position\":3,\"name\":\"E-\u0130hracat\",\"item\":\"https:\/\/brandmentor.com.tr\/en\/neler-yapiyoruz\/e-ihracat\/\"},{\"@type\":\"ListItem\",\"position\":4,\"name\":\"Yurtd\u0131\u015f\u0131 Pazar Yerleri\",\"item\":\"https:\/\/brandmentor.com.tr\/en\/neler-yapiyoruz\/e-ihracat\/yurtdisi-pazar-yerleri\/\"},{\"@type\":\"ListItem\",\"position\":5,\"name\":\"eBay\"}]},{\"@type\":\"WebSite\",\"@id\":\"https:\/\/brandmentor.com.tr\/#website\",\"url\":\"https:\/\/brandmentor.com.tr\/\",\"name\":\"Brand Mentor\",\"description\":\"\",\"publisher\":{\"@id\":\"https:\/\/brandmentor.com.tr\/#organization\"},\"alternateName\":\"Brand Mentor\",\"potentialAction\":[{\"@type\":\"SearchAction\",\"target\":{\"@type\":\"EntryPoint\",\"urlTemplate\":\"https:\/\/brandmentor.com.tr\/?s={search_term_string}\"},\"query-input\":\"required name=search_term_string\"}],\"inLanguage\":\"en-US\"},{\"@type\":\"Organization\",\"@id\":\"https:\/\/brandmentor.com.tr\/#organization\",\"name\":\"Brand Mentor\",\"alternateName\":\"Brand Mentor\",\"url\":\"https:\/\/brandmentor.com.tr\/\",\"logo\":{\"@type\":\"ImageObject\",\"inLanguage\":\"en-US\",\"@id\":\"https:\/\/brandmentor.com.tr\/#\/schema\/logo\/image\/\",\"url\":\"https:\/\/brandmentor.com.tr\/wp-content\/uploads\/2024\/04\/logo1.svg\",\"contentUrl\":\"https:\/\/brandmentor.com.tr\/wp-content\/uploads\/2024\/04\/logo1.svg\",\"width\":\"1024\",\"height\":\"1024\",\"caption\":\"Brand Mentor\"},\"image\":{\"@id\":\"https:\/\/brandmentor.com.tr\/#\/schema\/logo\/image\/\"},\"sameAs\":[\"https:\/\/www.facebook.com\/brandmentortr\",\"https:\/\/www.instagram.com\/brandmentor\/\"]}]}<\/script>\n<!-- \/ Yoast SEO plugin. -->","yoast_head_json":{"title":"eBay - Brand Mentor","robots":{"index":"index","follow":"follow","max-snippet":"max-snippet:-1","max-image-preview":"max-image-preview:large","max-video-preview":"max-video-preview:-1"},"canonical":"https:\/\/brandmentor.com.tr\/en\/neler-yapiyoruz\/e-ihracat\/yurtdisi-pazar-yerleri\/ebay\/","og_locale":"en_US","og_type":"article","og_title":"eBay - Brand Mentor","og_url":"https:\/\/brandmentor.com.tr\/en\/neler-yapiyoruz\/e-ihracat\/yurtdisi-pazar-yerleri\/ebay\/","og_site_name":"Brand Mentor","article_publisher":"https:\/\/www.facebook.com\/brandmentortr","article_modified_time":"2024-04-17T14:51:49+00:00","twitter_card":"summary_large_image","twitter_misc":{"Est. reading time":"4 minutes"},"schema":{"@context":"https:\/\/schema.org","@graph":[{"@type":"WebPage","@id":"https:\/\/brandmentor.com.tr\/en\/neler-yapiyoruz\/e-ihracat\/yurtdisi-pazar-yerleri\/ebay\/","url":"https:\/\/brandmentor.com.tr\/en\/neler-yapiyoruz\/e-ihracat\/yurtdisi-pazar-yerleri\/ebay\/","name":"eBay - Brand Mentor","isPartOf":{"@id":"https:\/\/brandmentor.com.tr\/#website"},"datePublished":"2024-03-15T13:53:34+00:00","dateModified":"2024-04-17T14:51:49+00:00","breadcrumb":{"@id":"https:\/\/brandmentor.com.tr\/en\/neler-yapiyoruz\/e-ihracat\/yurtdisi-pazar-yerleri\/ebay\/#breadcrumb"},"inLanguage":"en-US","potentialAction":[{"@type":"ReadAction","target":["https:\/\/brandmentor.com.tr\/en\/neler-yapiyoruz\/e-ihracat\/yurtdisi-pazar-yerleri\/ebay\/"]}]},{"@type":"BreadcrumbList","@id":"https:\/\/brandmentor.com.tr\/en\/neler-yapiyoruz\/e-ihracat\/yurtdisi-pazar-yerleri\/ebay\/#breadcrumb","itemListElement":[{"@type":"ListItem","position":1,"name":"Anasayfa","item":"https:\/\/brandmentor.com.tr\/en\/"},{"@type":"ListItem","position":2,"name":"Neler Yap\u0131yoruz","item":"https:\/\/brandmentor.com.tr\/en\/neler-yapiyoruz\/"},{"@type":"ListItem","position":3,"name":"E-\u0130hracat","item":"https:\/\/brandmentor.com.tr\/en\/neler-yapiyoruz\/e-ihracat\/"},{"@type":"ListItem","position":4,"name":"Yurtd\u0131\u015f\u0131 Pazar Yerleri","item":"https:\/\/brandmentor.com.tr\/en\/neler-yapiyoruz\/e-ihracat\/yurtdisi-pazar-yerleri\/"},{"@type":"ListItem","position":5,"name":"eBay"}]},{"@type":"WebSite","@id":"https:\/\/brandmentor.com.tr\/#website","url":"https:\/\/brandmentor.com.tr\/","name":"Brand Mentor","description":"","publisher":{"@id":"https:\/\/brandmentor.com.tr\/#organization"},"alternateName":"Brand Mentor","potentialAction":[{"@type":"SearchAction","target":{"@type":"EntryPoint","urlTemplate":"https:\/\/brandmentor.com.tr\/?s={search_term_string}"},"query-input":"required name=search_term_string"}],"inLanguage":"en-US"},{"@type":"Organization","@id":"https:\/\/brandmentor.com.tr\/#organization","name":"Brand Mentor","alternateName":"Brand Mentor","url":"https:\/\/brandmentor.com.tr\/","logo":{"@type":"ImageObject","inLanguage":"en-US","@id":"https:\/\/brandmentor.com.tr\/#\/schema\/logo\/image\/","url":"https:\/\/brandmentor.com.tr\/wp-content\/uploads\/2024\/04\/logo1.svg","contentUrl":"https:\/\/brandmentor.com.tr\/wp-content\/uploads\/2024\/04\/logo1.svg","width":"1024","height":"1024","caption":"Brand Mentor"},"image":{"@id":"https:\/\/brandmentor.com.tr\/#\/schema\/logo\/image\/"},"sameAs":["https:\/\/www.facebook.com\/brandmentortr","https:\/\/www.instagram.com\/brandmentor\/"]}]}},"_links":{"self":[{"href":"https:\/\/brandmentor.com.tr\/en\/wp-json\/wp\/v2\/pages\/24158"}],"collection":[{"href":"https:\/\/brandmentor.com.tr\/en\/wp-json\/wp\/v2\/pages"}],"about":[{"href":"https:\/\/brandmentor.com.tr\/en\/wp-json\/wp\/v2\/types\/page"}],"author":[{"embeddable":true,"href":"https:\/\/brandmentor.com.tr\/en\/wp-json\/wp\/v2\/users\/1"}],"replies":[{"embeddable":true,"href":"https:\/\/brandmentor.com.tr\/en\/wp-json\/wp\/v2\/comments?post=24158"}],"version-history":[{"count":2,"href":"https:\/\/brandmentor.com.tr\/en\/wp-json\/wp\/v2\/pages\/24158\/revisions"}],"predecessor-version":[{"id":24220,"href":"https:\/\/brandmentor.com.tr\/en\/wp-json\/wp\/v2\/pages\/24158\/revisions\/24220"}],"up":[{"embeddable":true,"href":"https:\/\/brandmentor.com.tr\/en\/wp-json\/wp\/v2\/pages\/24161"}],"wp:attachment":[{"href":"https:\/\/brandmentor.com.tr\/en\/wp-json\/wp\/v2\/media?parent=24158"}],"curies":[{"name":"wp","href":"https:\/\/api.w.org\/{rel}","templated":true}]}}