{"id":24160,"date":"2024-03-15T16:12:56","date_gmt":"2024-03-15T13:12:56","guid":{"rendered":"https:\/\/brandmentor.com.tr\/amazon\/"},"modified":"2024-04-17T17:51:52","modified_gmt":"2024-04-17T14:51:52","slug":"amazon","status":"publish","type":"page","link":"https:\/\/brandmentor.com.tr\/en\/neler-yapiyoruz\/e-ihracat\/yurtdisi-pazar-yerleri\/amazon\/","title":{"rendered":"Amazon"},"content":{"rendered":"<div class=\"wpb-content-wrapper\"><section id=\"about\" data-vc-full-width=\"true\" data-vc-full-width-init=\"false\" class=\"vc_row wpb_row vc_row-fluid  vc_custom_1507611558727 pofo-stretch-content pofo-stretch-row-container\"><div class=\"wpb_column vc_column_container vc_col-lg-2 vc_col-md-1 vc_hidden- sm col-xs-mobile-fullwidth\"><div class=\"vc_column-inner \"><div class=\"wpb_wrapper\"><\/div><\/div><\/div><div class=\"wpb_column vc_column_container vc_col-lg-8 vc_col-md-10 col-xs-mobile-fullwidth text-left pofo-column-responsive-69e92943d8aac\"><div class=\"vc_column-inner vc_custom_1710490760104\"><div class=\"wpb_wrapper\"><h5 class=\"text-extra-dark-gray margin-20px-bottom font-weight-600 display-inline-block alt-font heading-style2  heading-1\" >Amazon<\/h5><div class=\"last-paragraph-no-margin pofo-text-block-responsive-69e92943d8b7d\" style=\"width: width-100;\"><p>Amazon is one of the world&#8217;s largest e-commerce platforms and sells millions of products globally. It stands out as an effective way to reach customers. As Brand Mentor, we guide you to make your business successful on Amazon.<\/p>\n<\/div>[vc_empty_space]<div class=\"feature-content padding-30px-all sm-padding-20px-all bg-white box-shadow-light featurebox25-1  services-list-easein featurebox25 pofo-featurebox\" ><div class=\"alt-font font-weight-600 text-extra-dark-gray margin-10px-bottom\"><span class=\"text-deep-pink margin-5px-right\" style=\"\">01<\/span><span class=\"\">Working on Amazon US platform<\/span><\/div><div class=\"last-paragraph-no-margin \"><p>Managing account creation, store setup, product listing and sales processes for selling on Amazon&#8217;s US platform.<\/p>\n<\/div><\/div><div class=\"feature-content padding-30px-all sm-padding-20px-all bg-white box-shadow-light featurebox25-2 featurebox25 pofo-featurebox\" ><div class=\"alt-font font-weight-600 text-extra-dark-gray margin-10px-bottom\"><span class=\"text-deep-pink margin-5px-right\" style=\"\">02<\/span><span class=\"\">Preparation of Amazon documents <\/span><\/div><div class=\"last-paragraph-no-margin \"><p>Preparing the documents required by Amazon and completing the necessary steps to verify the account on the platform.<\/p>\n<\/div><\/div><div class=\"feature-content padding-30px-all sm-padding-20px-all bg-white box-shadow-light featurebox25-3 featurebox25 pofo-featurebox\" ><div class=\"alt-font font-weight-600 text-extra-dark-gray margin-10px-bottom\"><span class=\"text-deep-pink margin-5px-right\" style=\"\">03<\/span><span class=\"\">Associating the bank account with Amazon and following the process<\/span><\/div><div class=\"last-paragraph-no-margin \"><p>Associating the bank account with the Amazon account and tracking the payments so that the sales revenues can be transferred from the Amazon account to the bank account.<\/p>\n<\/div><\/div><div class=\"feature-content padding-30px-all sm-padding-20px-all bg-white box-shadow-light featurebox25-4 featurebox25 pofo-featurebox\" ><div class=\"alt-font font-weight-600 text-extra-dark-gray margin-10px-bottom\"><span class=\"text-deep-pink margin-5px-right\" style=\"\">04<\/span><span class=\"\">Creating product titles with current keywords<\/span><\/div><div class=\"last-paragraph-no-margin \"><p>Identifying current keywords and optimizing product titles accordingly for effective search engine optimization (SEO) on Amazon.<\/p>\n<\/div><\/div><div class=\"feature-content padding-30px-all sm-padding-20px-all bg-white box-shadow-light featurebox25-5 featurebox25 pofo-featurebox\" ><div class=\"alt-font font-weight-600 text-extra-dark-gray margin-10px-bottom\"><\/div><div class=\"last-paragraph-no-margin \"><p>Preparation of impressive and informative descriptions containing the features, advantages and usage instructions of the products.<\/p>\n<\/div><\/div><div class=\"feature-content padding-30px-all sm-padding-20px-all bg-white box-shadow-light featurebox25-6 featurebox25 pofo-featurebox\" ><div class=\"alt-font font-weight-600 text-extra-dark-gray margin-10px-bottom\"><span class=\"text-deep-pink margin-5px-right\" style=\"\">06<\/span><span class=\"\">Amazon Brand Registration and A+ Content Design<\/span><\/div><div class=\"last-paragraph-no-margin \"><p>Carrying out trademark registration processes and designing A+ content for a more visual and impressive presentation on product pages.<\/p>\n<\/div><\/div><div class=\"feature-content padding-30px-all sm-padding-20px-all bg-white box-shadow-light featurebox25-7 featurebox25 pofo-featurebox\" ><div class=\"alt-font font-weight-600 text-extra-dark-gray margin-10px-bottom\"><span class=\"text-deep-pink margin-5px-right\" style=\"\">07<\/span><span class=\"\">Dealing with product approval processes<\/span><\/div><div class=\"last-paragraph-no-margin \"><p>Ensuring compliance with Amazon&#8217;s product listing policies and following the approval processes of the products.<\/p>\n<\/div><\/div><div class=\"feature-content padding-30px-all sm-padding-20px-all bg-white box-shadow-light featurebox25-8 featurebox25 pofo-featurebox\" ><div class=\"alt-font font-weight-600 text-extra-dark-gray margin-10px-bottom\"><span class=\"text-deep-pink margin-5px-right\" style=\"\">08<\/span><span class=\"\">Amazon category approvals<\/span><\/div><div class=\"last-paragraph-no-margin \"><p>Ensuring that the products are correct assigning them to categories and following the necessary procedures for Amazon&#8217;s category approvals.<\/p>\n<\/div><\/div><div class=\"feature-content padding-30px-all sm-padding-20px-all bg-white box-shadow-light featurebox25-9 featurebox25 pofo-featurebox\" ><div class=\"alt-font font-weight-600 text-extra-dark-gray margin-10px-bottom\"><span class=\"text-deep-pink margin-5px-right\" style=\"\">09<\/span><span class=\"\">Product listing operations<\/span><\/div><div class=\"last-paragraph-no-margin \"><p>Listing new products on Amazon, updating existing products and managing inventory.<\/p>\n<\/div><\/div><div class=\"feature-content padding-30px-all sm-padding-20px-all bg-white box-shadow-light featurebox25-10 featurebox25 pofo-featurebox\" ><div class=\"alt-font font-weight-600 text-extra-dark-gray margin-10px-bottom\"><span class=\"text-deep-pink margin-5px-right\" style=\"\">10<\/span><span class=\"\">Making store banners and sliders<\/span><\/div><div class=\"last-paragraph-no-margin \"><p>Banner and banner to make the Amazon store page visually attractive Design and integration of sliders.<\/p>\n<\/div><\/div><div class=\"feature-content padding-30px-all sm-padding-20px-all bg-white box-shadow-light featurebox25-11 featurebox25 pofo-featurebox\" ><div class=\"alt-font font-weight-600 text-extra-dark-gray margin-10px-bottom\"><span class=\"text-deep-pink margin-5px-right\" style=\"\">11<\/span><span class=\"\">Amazon store design<\/span><\/div><div class=\"last-paragraph-no-margin \"><p>Creating the general design of the Amazon store page and making arrangements to improve the customer experience.[\/pofo_feature_box ]<div class=\"feature-content padding-30px-all sm-padding-20px-all bg-white box-shadow-light featurebox25-12 featurebox25 pofo-featurebox\" ><div class=\"alt-font font-weight-600 text-extra-dark-gray margin-10px-bottom\"><span class=\"text-deep-pink margin-5px-right\" style=\"\">12<\/span><span class=\"\">Amazon PPC management<\/span><\/div><\/div>PPC (Pay-Per-View) for creating product ads, budget management and monitoring ad performance through Amazon Advertising Services (AMS). Click) campaigns management.<\/p>\n<\/div><\/div><\/div><\/div><\/div><div class=\"wpb_column vc_column_container vc_col-lg-2 vc_col-md-1 vc_hidden-sm col-xs-mobile-fullwidth\"><div class=\"vc_column-inner \"><div class=\"wpb_wrapper\"><\/div><\/div><\/div><\/section><div class=\"vc_row-full-width vc_clearfix\"><\/div>\n<\/div>","protected":false},"excerpt":{"rendered":"AmazonAmazon is one of the world's largest e-commerce platforms and sells millions of products globally. It stands out as an effective way to reach customers. As Brand Mentor, we guide you to make your business successful on Amazon. [vc_empty_space]01Working on Amazon US platformManaging account creation, store setup, product listing and sales processes for selling on Amazon's US platform. 02Preparation of Amazon documents Preparing the documents required by Amazon and completing the necessary steps to verify the account on the platform. 03Associating the bank account with Amazon and following the processAssociating the bank account with the Amazon account and tracking the payments so that the sales revenues can be transferred from the Amazon account to the bank account. 04Creating product titles with current keywordsIdentifying current keywords and optimizing product titles accordingly for effective search engine optimization (SEO) on Amazon. Preparation of impressive and informative descriptions containing the features, advantages and usage instructions of the products. 06Amazon Brand Registration and A+ Content DesignCarrying out trademark registration processes and designing A+ content for a more visual and impressive presentation on product pages. 07Dealing with product approval processesEnsuring compliance with Amazon's product listing policies and following the approval processes of the products. 08Amazon category...","protected":false},"author":1,"featured_media":0,"parent":24161,"menu_order":0,"comment_status":"closed","ping_status":"closed","template":"","meta":{"inline_featured_image":false,"footnotes":""},"yoast_head":"<!-- This site is optimized with the Yoast SEO plugin v22.5 - https:\/\/yoast.com\/wordpress\/plugins\/seo\/ -->\n<title>Amazon - Brand Mentor<\/title>\n<meta name=\"robots\" content=\"index, follow, max-snippet:-1, max-image-preview:large, max-video-preview:-1\" \/>\n<link rel=\"canonical\" href=\"https:\/\/brandmentor.com.tr\/en\/neler-yapiyoruz\/e-ihracat\/yurtdisi-pazar-yerleri\/amazon\/\" \/>\n<meta property=\"og:locale\" content=\"en_US\" \/>\n<meta property=\"og:type\" content=\"article\" \/>\n<meta property=\"og:title\" content=\"Amazon - Brand Mentor\" \/>\n<meta property=\"og:url\" content=\"https:\/\/brandmentor.com.tr\/en\/neler-yapiyoruz\/e-ihracat\/yurtdisi-pazar-yerleri\/amazon\/\" \/>\n<meta property=\"og:site_name\" content=\"Brand Mentor\" \/>\n<meta property=\"article:publisher\" content=\"https:\/\/www.facebook.com\/brandmentortr\" \/>\n<meta property=\"article:modified_time\" content=\"2024-04-17T14:51:52+00:00\" \/>\n<meta name=\"twitter:card\" content=\"summary_large_image\" \/>\n<meta name=\"twitter:label1\" content=\"Est. reading time\" \/>\n\t<meta name=\"twitter:data1\" content=\"3 minutes\" \/>\n<script type=\"application\/ld+json\" class=\"yoast-schema-graph\">{\"@context\":\"https:\/\/schema.org\",\"@graph\":[{\"@type\":\"WebPage\",\"@id\":\"https:\/\/brandmentor.com.tr\/en\/neler-yapiyoruz\/e-ihracat\/yurtdisi-pazar-yerleri\/amazon\/\",\"url\":\"https:\/\/brandmentor.com.tr\/en\/neler-yapiyoruz\/e-ihracat\/yurtdisi-pazar-yerleri\/amazon\/\",\"name\":\"Amazon - Brand Mentor\",\"isPartOf\":{\"@id\":\"https:\/\/brandmentor.com.tr\/#website\"},\"datePublished\":\"2024-03-15T13:12:56+00:00\",\"dateModified\":\"2024-04-17T14:51:52+00:00\",\"breadcrumb\":{\"@id\":\"https:\/\/brandmentor.com.tr\/en\/neler-yapiyoruz\/e-ihracat\/yurtdisi-pazar-yerleri\/amazon\/#breadcrumb\"},\"inLanguage\":\"en-US\",\"potentialAction\":[{\"@type\":\"ReadAction\",\"target\":[\"https:\/\/brandmentor.com.tr\/en\/neler-yapiyoruz\/e-ihracat\/yurtdisi-pazar-yerleri\/amazon\/\"]}]},{\"@type\":\"BreadcrumbList\",\"@id\":\"https:\/\/brandmentor.com.tr\/en\/neler-yapiyoruz\/e-ihracat\/yurtdisi-pazar-yerleri\/amazon\/#breadcrumb\",\"itemListElement\":[{\"@type\":\"ListItem\",\"position\":1,\"name\":\"Anasayfa\",\"item\":\"https:\/\/brandmentor.com.tr\/en\/\"},{\"@type\":\"ListItem\",\"position\":2,\"name\":\"Neler Yap\u0131yoruz\",\"item\":\"https:\/\/brandmentor.com.tr\/en\/neler-yapiyoruz\/\"},{\"@type\":\"ListItem\",\"position\":3,\"name\":\"E-\u0130hracat\",\"item\":\"https:\/\/brandmentor.com.tr\/en\/neler-yapiyoruz\/e-ihracat\/\"},{\"@type\":\"ListItem\",\"position\":4,\"name\":\"Yurtd\u0131\u015f\u0131 Pazar Yerleri\",\"item\":\"https:\/\/brandmentor.com.tr\/en\/neler-yapiyoruz\/e-ihracat\/yurtdisi-pazar-yerleri\/\"},{\"@type\":\"ListItem\",\"position\":5,\"name\":\"Amazon\"}]},{\"@type\":\"WebSite\",\"@id\":\"https:\/\/brandmentor.com.tr\/#website\",\"url\":\"https:\/\/brandmentor.com.tr\/\",\"name\":\"Brand Mentor\",\"description\":\"\",\"publisher\":{\"@id\":\"https:\/\/brandmentor.com.tr\/#organization\"},\"alternateName\":\"Brand Mentor\",\"potentialAction\":[{\"@type\":\"SearchAction\",\"target\":{\"@type\":\"EntryPoint\",\"urlTemplate\":\"https:\/\/brandmentor.com.tr\/?s={search_term_string}\"},\"query-input\":\"required name=search_term_string\"}],\"inLanguage\":\"en-US\"},{\"@type\":\"Organization\",\"@id\":\"https:\/\/brandmentor.com.tr\/#organization\",\"name\":\"Brand Mentor\",\"alternateName\":\"Brand Mentor\",\"url\":\"https:\/\/brandmentor.com.tr\/\",\"logo\":{\"@type\":\"ImageObject\",\"inLanguage\":\"en-US\",\"@id\":\"https:\/\/brandmentor.com.tr\/#\/schema\/logo\/image\/\",\"url\":\"https:\/\/brandmentor.com.tr\/wp-content\/uploads\/2024\/04\/logo1.svg\",\"contentUrl\":\"https:\/\/brandmentor.com.tr\/wp-content\/uploads\/2024\/04\/logo1.svg\",\"width\":\"1024\",\"height\":\"1024\",\"caption\":\"Brand Mentor\"},\"image\":{\"@id\":\"https:\/\/brandmentor.com.tr\/#\/schema\/logo\/image\/\"},\"sameAs\":[\"https:\/\/www.facebook.com\/brandmentortr\",\"https:\/\/www.instagram.com\/brandmentor\/\"]}]}<\/script>\n<!-- \/ Yoast SEO plugin. -->","yoast_head_json":{"title":"Amazon - Brand Mentor","robots":{"index":"index","follow":"follow","max-snippet":"max-snippet:-1","max-image-preview":"max-image-preview:large","max-video-preview":"max-video-preview:-1"},"canonical":"https:\/\/brandmentor.com.tr\/en\/neler-yapiyoruz\/e-ihracat\/yurtdisi-pazar-yerleri\/amazon\/","og_locale":"en_US","og_type":"article","og_title":"Amazon - Brand Mentor","og_url":"https:\/\/brandmentor.com.tr\/en\/neler-yapiyoruz\/e-ihracat\/yurtdisi-pazar-yerleri\/amazon\/","og_site_name":"Brand Mentor","article_publisher":"https:\/\/www.facebook.com\/brandmentortr","article_modified_time":"2024-04-17T14:51:52+00:00","twitter_card":"summary_large_image","twitter_misc":{"Est. reading time":"3 minutes"},"schema":{"@context":"https:\/\/schema.org","@graph":[{"@type":"WebPage","@id":"https:\/\/brandmentor.com.tr\/en\/neler-yapiyoruz\/e-ihracat\/yurtdisi-pazar-yerleri\/amazon\/","url":"https:\/\/brandmentor.com.tr\/en\/neler-yapiyoruz\/e-ihracat\/yurtdisi-pazar-yerleri\/amazon\/","name":"Amazon - Brand Mentor","isPartOf":{"@id":"https:\/\/brandmentor.com.tr\/#website"},"datePublished":"2024-03-15T13:12:56+00:00","dateModified":"2024-04-17T14:51:52+00:00","breadcrumb":{"@id":"https:\/\/brandmentor.com.tr\/en\/neler-yapiyoruz\/e-ihracat\/yurtdisi-pazar-yerleri\/amazon\/#breadcrumb"},"inLanguage":"en-US","potentialAction":[{"@type":"ReadAction","target":["https:\/\/brandmentor.com.tr\/en\/neler-yapiyoruz\/e-ihracat\/yurtdisi-pazar-yerleri\/amazon\/"]}]},{"@type":"BreadcrumbList","@id":"https:\/\/brandmentor.com.tr\/en\/neler-yapiyoruz\/e-ihracat\/yurtdisi-pazar-yerleri\/amazon\/#breadcrumb","itemListElement":[{"@type":"ListItem","position":1,"name":"Anasayfa","item":"https:\/\/brandmentor.com.tr\/en\/"},{"@type":"ListItem","position":2,"name":"Neler Yap\u0131yoruz","item":"https:\/\/brandmentor.com.tr\/en\/neler-yapiyoruz\/"},{"@type":"ListItem","position":3,"name":"E-\u0130hracat","item":"https:\/\/brandmentor.com.tr\/en\/neler-yapiyoruz\/e-ihracat\/"},{"@type":"ListItem","position":4,"name":"Yurtd\u0131\u015f\u0131 Pazar Yerleri","item":"https:\/\/brandmentor.com.tr\/en\/neler-yapiyoruz\/e-ihracat\/yurtdisi-pazar-yerleri\/"},{"@type":"ListItem","position":5,"name":"Amazon"}]},{"@type":"WebSite","@id":"https:\/\/brandmentor.com.tr\/#website","url":"https:\/\/brandmentor.com.tr\/","name":"Brand Mentor","description":"","publisher":{"@id":"https:\/\/brandmentor.com.tr\/#organization"},"alternateName":"Brand Mentor","potentialAction":[{"@type":"SearchAction","target":{"@type":"EntryPoint","urlTemplate":"https:\/\/brandmentor.com.tr\/?s={search_term_string}"},"query-input":"required name=search_term_string"}],"inLanguage":"en-US"},{"@type":"Organization","@id":"https:\/\/brandmentor.com.tr\/#organization","name":"Brand Mentor","alternateName":"Brand Mentor","url":"https:\/\/brandmentor.com.tr\/","logo":{"@type":"ImageObject","inLanguage":"en-US","@id":"https:\/\/brandmentor.com.tr\/#\/schema\/logo\/image\/","url":"https:\/\/brandmentor.com.tr\/wp-content\/uploads\/2024\/04\/logo1.svg","contentUrl":"https:\/\/brandmentor.com.tr\/wp-content\/uploads\/2024\/04\/logo1.svg","width":"1024","height":"1024","caption":"Brand Mentor"},"image":{"@id":"https:\/\/brandmentor.com.tr\/#\/schema\/logo\/image\/"},"sameAs":["https:\/\/www.facebook.com\/brandmentortr","https:\/\/www.instagram.com\/brandmentor\/"]}]}},"_links":{"self":[{"href":"https:\/\/brandmentor.com.tr\/en\/wp-json\/wp\/v2\/pages\/24160"}],"collection":[{"href":"https:\/\/brandmentor.com.tr\/en\/wp-json\/wp\/v2\/pages"}],"about":[{"href":"https:\/\/brandmentor.com.tr\/en\/wp-json\/wp\/v2\/types\/page"}],"author":[{"embeddable":true,"href":"https:\/\/brandmentor.com.tr\/en\/wp-json\/wp\/v2\/users\/1"}],"replies":[{"embeddable":true,"href":"https:\/\/brandmentor.com.tr\/en\/wp-json\/wp\/v2\/comments?post=24160"}],"version-history":[{"count":2,"href":"https:\/\/brandmentor.com.tr\/en\/wp-json\/wp\/v2\/pages\/24160\/revisions"}],"predecessor-version":[{"id":24218,"href":"https:\/\/brandmentor.com.tr\/en\/wp-json\/wp\/v2\/pages\/24160\/revisions\/24218"}],"up":[{"embeddable":true,"href":"https:\/\/brandmentor.com.tr\/en\/wp-json\/wp\/v2\/pages\/24161"}],"wp:attachment":[{"href":"https:\/\/brandmentor.com.tr\/en\/wp-json\/wp\/v2\/media?parent=24160"}],"curies":[{"name":"wp","href":"https:\/\/api.w.org\/{rel}","templated":true}]}}