{"id":24167,"date":"2024-03-15T15:16:20","date_gmt":"2024-03-15T12:16:20","guid":{"rendered":"https:\/\/brandmentor.com.tr\/kreatif-calismalar\/"},"modified":"2024-05-28T18:56:45","modified_gmt":"2024-05-28T15:56:45","slug":"kreatif-calismalar","status":"publish","type":"page","link":"https:\/\/brandmentor.com.tr\/en\/neler-yapiyoruz\/kreatif-calismalar\/","title":{"rendered":"Kreatif \u00c7al\u0131\u015fmalar"},"content":{"rendered":"<div class=\"wpb-content-wrapper\"><section id=\"about\" data-vc-full-width=\"true\" data-vc-full-width-init=\"false\" class=\"vc_row wpb_row vc_row-fluid  vc_custom_1507611558727 pofo-stretch-content pofo-stretch-row-container\"><div class=\"wpb_column vc_column_container vc_col-lg-2 vc_col-md-1 vc_hidden-sm col-xs-mobile-fullwidth\"><div class=\"vc_column-inner \"><div class=\"wpb_wrapper\"><\/div><\/div><\/div><div class=\"wpb_column vc_column_container vc_col-lg-8 vc_col-md-10 col-xs-mobile-fullwidth text-left pofo-column-responsive-69d4446c5f7d3\"><div class=\"vc_column-inner vc_custom_1710490760104\"><div class=\"wpb_wrapper\"><h5 class=\"text-extra-dark-gray margin-20px-bottom font-weight-600 display-inline-block alt-font heading-style2  heading-1\" >Kreatif \u00c7al\u0131\u015fmalar<\/h5><div class=\"last-paragraph-no-margin pofo-text-block-responsive-69d4446c5f8cc\" style=\"width: width-100;\"><p>Kreatif hizmetler, bir markan\u0131n veya kurumun g\u00f6rsel kimli\u011fini olu\u015fturarak m\u00fc\u015fterilere, hedef kitleye ve end\u00fcstriye etkili bir \u015fekilde iletmek i\u00e7in kullan\u0131lan \u00e7e\u015fitli stratejiler ve ara\u00e7larla ilgilidir. Kurumsal kimlik \u00e7al\u0131\u015fmalar\u0131, giydirme, logo tasar\u0131m\u0131, video grafik \u00e7al\u0131\u015fmalar\u0131 gibi hizmetler, bir markan\u0131n kendisini ifade etme ve tan\u0131tma bi\u00e7imlerinin temelini olu\u015fturur. Bu hizmetlerin \u00f6nemi giderek artmakta ve markalar\u0131n rekabet avantaj\u0131 sa\u011flamalar\u0131na yard\u0131mc\u0131 olmaktad\u0131r.<\/p>\n<\/div>[vc_empty_space]<div class=\"services-list-easein featurebox20 pofo-featurebox feature-box-wrap image-hover-style-3 bg-light-gray overflow-hidden featurebox20-1\" ><div class=\"width-100 display-table position-relative cover-background small-screen xs-height-300px bg-image-srcset\" style=\"background-image: url(https:\/\/brandmentor.com.tr\/wp-content\/uploads\/2024\/03\/corporate.jpg)\" data-bg-srcset=\"https:\/\/brandmentor.com.tr\/wp-content\/uploads\/2024\/03\/corporate.jpg 1920w, https:\/\/brandmentor.com.tr\/wp-content\/uploads\/2024\/03\/corporate-300x172.jpg 300w, https:\/\/brandmentor.com.tr\/wp-content\/uploads\/2024\/03\/corporate-1024x587.jpg 1024w, https:\/\/brandmentor.com.tr\/wp-content\/uploads\/2024\/03\/corporate-768x440.jpg 768w, https:\/\/brandmentor.com.tr\/wp-content\/uploads\/2024\/03\/corporate-1536x880.jpg 1536w, https:\/\/brandmentor.com.tr\/wp-content\/uploads\/2024\/03\/corporate-1200x688.jpg 1200w, https:\/\/brandmentor.com.tr\/wp-content\/uploads\/2024\/03\/corporate-120x69.jpg 120w, https:\/\/brandmentor.com.tr\/wp-content\/uploads\/2024\/03\/corporate-81x46.jpg 81w\"><\/div><div class=\"width-100 display-table small-screen xs-height-300px arrow-top\">\n                                    <div class=\"display-table-cell vertical-align-middle text-center padding-eighteen-lr md-padding-twelve-lr sm-padding-fifteen-all sm-padding-ten-lr xs-padding-five-lr xs-padding-fourteen-tb\"><h4 class=\"text-extra-dark-gray alt-font width-95 center-col xs-margin-15px-bottom\">Kurumsal Kimlik<\/h4><div class=\"no-letter-spacing padding-two-lr line-height-26 xs-line-height-20 last-paragraph-no-margin\"><p>Kurumsal kimlik, bir markan\u0131n karakterini, de\u011ferlerini ve alg\u0131s\u0131n\u0131 tan\u0131mlayan temel unsurlardan biridir. Kurumsal kimlik \u00e7al\u0131\u015fmalar\u0131, bir markan\u0131n logosu, renkleri, tipografi se\u00e7imleri, g\u00f6rsel ve yaz\u0131l\u0131 i\u00e7erikleri gibi unsurlar\u0131n\u0131 i\u00e7erir. Bir kurumsal kimlik \u00e7al\u0131\u015fmas\u0131, markan\u0131n benzersizli\u011fini ve tan\u0131t\u0131m\u0131n\u0131 art\u0131rmak i\u00e7in kapsaml\u0131 bir \u015fekilde tasarlan\u0131r. Bu \u00e7al\u0131\u015fmalar, markan\u0131n duygusal ba\u011f kurmas\u0131na, g\u00fcvenilirlik kazanmas\u0131na ve t\u00fcketici sadakatini art\u0131rmas\u0131na yard\u0131mc\u0131 olur.<\/p>\n<\/div>    <\/div>\n                                <\/div><\/div><div class=\"feature-content padding-30px-all sm-padding-20px-all bg-white box-shadow-light featurebox25-1 featurebox25 pofo-featurebox\" ><div class=\"alt-font font-weight-600 text-extra-dark-gray margin-10px-bottom\"><span class=\"text-deep-pink margin-5px-right\" style=\"\">02<\/span><span class=\"\">Giydirme<\/span><\/div><div class=\"last-paragraph-no-margin \"><p>Giydirme, bir markan\u0131n fiziksel mekanlar\u0131nda, ara\u00e7lar\u0131nda veya \u00fcr\u00fcnlerinde marka kimli\u011fini g\u00f6rsel olarak ifade etme s\u00fcrecidir. \u00d6zellikle perakende ma\u011fazalar\u0131, ofisler, ara\u00e7lar ve etkinlik mekanlar\u0131 gibi alanlarda giydirme, markan\u0131n g\u00f6r\u00fcn\u00fcrl\u00fc\u011f\u00fcn\u00fc art\u0131r\u0131r ve m\u00fc\u015fterilere unutulmaz bir deneyim sunar. Giydirme hizmetleri, mekan\u0131n tasar\u0131m\u0131, tabelalar\u0131n ve i\u015faretlerin olu\u015fturulmas\u0131, vitrin d\u00fczenlemeleri ve ambalaj tasar\u0131mlar\u0131 gibi \u00e7e\u015fitli unsurlar\u0131 i\u00e7erebilir.<\/p>\n<\/div><\/div><div class=\"feature-content padding-30px-all sm-padding-20px-all bg-white box-shadow-light featurebox25-2 featurebox25 pofo-featurebox\" ><div class=\"alt-font font-weight-600 text-extra-dark-gray margin-10px-bottom\"><span class=\"text-deep-pink margin-5px-right\" style=\"\">03<\/span><span class=\"\">Logo \u00c7al\u0131\u015fmas\u0131<\/span><\/div><div class=\"last-paragraph-no-margin \"><p>Logo, bir markan\u0131n en \u00f6nemli g\u00f6rsel simgelerinden biridir ve markan\u0131n tan\u0131nabilirli\u011fini sa\u011flar. Logo tasar\u0131m\u0131, markan\u0131n ki\u015fili\u011fini, hedef kitlesini ve end\u00fcstriye olan yakla\u015f\u0131m\u0131n\u0131 yans\u0131tan \u00f6zg\u00fcn bir sembol veya tipografik i\u015faretin olu\u015fturulmas\u0131 s\u00fcrecidir. Bir logo tasar\u0131m\u0131, markan\u0131n de\u011ferlerini ve \u00f6zelliklerini \u00f6ne \u00e7\u0131karacak \u015fekilde dikkatlice planlan\u0131r ve tasarlan\u0131r. Ba\u015far\u0131l\u0131 bir logo, markan\u0131n kimli\u011fini g\u00fc\u00e7lendirir ve t\u00fcketici zihninde kal\u0131c\u0131 bir izlenim b\u0131rak\u0131r.<\/p>\n<\/div><\/div><div class=\"feature-content padding-30px-all sm-padding-20px-all bg-white box-shadow-light featurebox25-3 featurebox25 pofo-featurebox\" ><div class=\"alt-font font-weight-600 text-extra-dark-gray margin-10px-bottom\"><span class=\"text-deep-pink margin-5px-right\" style=\"\">04<\/span><span class=\"\">Video Grafik \u00c7al\u0131\u015fmas\u0131<\/span><\/div><div class=\"last-paragraph-no-margin \"><p>Video grafik \u00e7al\u0131\u015fmalar\u0131, animasyon, hareketli grafikler, efektler ve g\u00f6rsel \u00f6\u011feler gibi video i\u00e7eri\u011finin g\u00f6rsel kalitesini ve \u00e7ekicili\u011fini art\u0131ran stratejik tasar\u0131m ve \u00fcretim s\u00fcre\u00e7lerini i\u00e7erir. Video grafikleri, markan\u0131n dijital pazarlama kampanyalar\u0131nda, sosyal medya i\u00e7eriklerinde, reklamlarda ve kurumsal videolarda kullan\u0131larak etkileyici ve ilgi \u00e7ekici g\u00f6rsel deneyimler sa\u011flar. M\u00fc\u015fterilerin dikkatini \u00e7ekmek, markan\u0131n hikayesini anlatmak ve mesaj\u0131n\u0131 iletmek i\u00e7in video grafik \u00e7al\u0131\u015fmalar\u0131 son derece \u00f6nemlidir.<\/p>\n<\/div><\/div>[vc_empty_space]<div class=\"last-paragraph-no-margin pofo-text-block-responsive-69d4446c60491\" style=\"width: width-100;\"><p>Sonu\u00e7 olarak, kreatif hizmetler, bir markan\u0131n tan\u0131t\u0131m\u0131n\u0131 ve alg\u0131s\u0131n\u0131 g\u00fc\u00e7lendirmek i\u00e7in hayati \u00f6neme sahip stratejik ara\u00e7lar ve s\u00fcre\u00e7lerdir. Kurumsal kimlik \u00e7al\u0131\u015fmalar\u0131, giydirme, logo tasar\u0131m\u0131 ve video grafik \u00e7al\u0131\u015fmalar\u0131 gibi hizmetler, markalar\u0131n benzersizli\u011fini vurgulayarak rekabet avantaj\u0131 elde etmelerine yard\u0131mc\u0131 olur. Profesyonel bir kreatif ajansla \u00e7al\u0131\u015farak, markan\u0131z\u0131n g\u00fcc\u00fcn\u00fc ve etkisini art\u0131rabilir ve hedef kitlenize unutulmaz bir deneyim sunabilirsiniz.<\/p>\n<\/div><\/div><\/div><\/div><div class=\"wpb_column vc_column_container vc_col-lg-2 vc_col-md-1 vc_hidden-sm col-xs-mobile-fullwidth\"><div class=\"vc_column-inner \"><div class=\"wpb_wrapper\"><\/div><\/div><\/div><\/section><div class=\"vc_row-full-width vc_clearfix\"><\/div>\n<\/div>","protected":false},"excerpt":{"rendered":"Kreatif \u00c7al\u0131\u015fmalarKreatif hizmetler, bir markan\u0131n veya kurumun g\u00f6rsel kimli\u011fini olu\u015fturarak m\u00fc\u015fterilere, hedef kitleye ve end\u00fcstriye etkili bir \u015fekilde iletmek i\u00e7in kullan\u0131lan \u00e7e\u015fitli stratejiler ve ara\u00e7larla ilgilidir. Kurumsal kimlik \u00e7al\u0131\u015fmalar\u0131, giydirme, logo tasar\u0131m\u0131, video grafik \u00e7al\u0131\u015fmalar\u0131 gibi hizmetler, bir markan\u0131n kendisini ifade etme ve tan\u0131tma bi\u00e7imlerinin temelini olu\u015fturur. Bu hizmetlerin \u00f6nemi giderek artmakta ve markalar\u0131n rekabet avantaj\u0131 sa\u011flamalar\u0131na yard\u0131mc\u0131 olmaktad\u0131r. [vc_empty_space] Kurumsal KimlikKurumsal kimlik, bir markan\u0131n karakterini, de\u011ferlerini ve alg\u0131s\u0131n\u0131 tan\u0131mlayan temel unsurlardan biridir. Kurumsal kimlik \u00e7al\u0131\u015fmalar\u0131, bir markan\u0131n logosu, renkleri, tipografi se\u00e7imleri, g\u00f6rsel ve yaz\u0131l\u0131 i\u00e7erikleri gibi unsurlar\u0131n\u0131 i\u00e7erir. Bir kurumsal kimlik \u00e7al\u0131\u015fmas\u0131, markan\u0131n benzersizli\u011fini ve tan\u0131t\u0131m\u0131n\u0131 art\u0131rmak i\u00e7in kapsaml\u0131 bir \u015fekilde tasarlan\u0131r. Bu \u00e7al\u0131\u015fmalar, markan\u0131n duygusal ba\u011f kurmas\u0131na, g\u00fcvenilirlik kazanmas\u0131na ve t\u00fcketici sadakatini art\u0131rmas\u0131na yard\u0131mc\u0131 olur. 02GiydirmeGiydirme, bir markan\u0131n fiziksel mekanlar\u0131nda, ara\u00e7lar\u0131nda veya \u00fcr\u00fcnlerinde marka kimli\u011fini g\u00f6rsel olarak ifade etme s\u00fcrecidir. \u00d6zellikle perakende ma\u011fazalar\u0131, ofisler, ara\u00e7lar ve etkinlik mekanlar\u0131 gibi alanlarda giydirme, markan\u0131n g\u00f6r\u00fcn\u00fcrl\u00fc\u011f\u00fcn\u00fc art\u0131r\u0131r ve m\u00fc\u015fterilere unutulmaz bir deneyim sunar. Giydirme hizmetleri, mekan\u0131n tasar\u0131m\u0131, tabelalar\u0131n ve i\u015faretlerin olu\u015fturulmas\u0131, vitrin d\u00fczenlemeleri ve ambalaj tasar\u0131mlar\u0131 gibi \u00e7e\u015fitli unsurlar\u0131 i\u00e7erebilir. 03Logo \u00c7al\u0131\u015fmas\u0131Logo, bir markan\u0131n en \u00f6nemli g\u00f6rsel simgelerinden biridir ve markan\u0131n tan\u0131nabilirli\u011fini sa\u011flar. Logo tasar\u0131m\u0131, markan\u0131n ki\u015fili\u011fini, hedef kitlesini ve end\u00fcstriye olan yakla\u015f\u0131m\u0131n\u0131 yans\u0131tan \u00f6zg\u00fcn bir sembol veya tipografik i\u015faretin olu\u015fturulmas\u0131...","protected":false},"author":1,"featured_media":0,"parent":24175,"menu_order":0,"comment_status":"closed","ping_status":"closed","template":"","meta":{"inline_featured_image":false,"footnotes":""},"yoast_head":"<!-- This site is optimized with the Yoast SEO plugin v22.5 - https:\/\/yoast.com\/wordpress\/plugins\/seo\/ -->\n<title>Kreatif \u00c7al\u0131\u015fmalar - Brand Mentor<\/title>\n<meta name=\"robots\" content=\"index, follow, max-snippet:-1, max-image-preview:large, max-video-preview:-1\" \/>\n<link rel=\"canonical\" href=\"https:\/\/brandmentor.com.tr\/en\/neler-yapiyoruz\/kreatif-calismalar\/\" \/>\n<meta property=\"og:locale\" content=\"en_US\" \/>\n<meta property=\"og:type\" content=\"article\" \/>\n<meta property=\"og:title\" content=\"Kreatif \u00c7al\u0131\u015fmalar - Brand Mentor\" \/>\n<meta property=\"og:url\" content=\"https:\/\/brandmentor.com.tr\/en\/neler-yapiyoruz\/kreatif-calismalar\/\" \/>\n<meta property=\"og:site_name\" content=\"Brand Mentor\" \/>\n<meta property=\"article:publisher\" content=\"https:\/\/www.facebook.com\/brandmentortr\" \/>\n<meta property=\"article:modified_time\" content=\"2024-05-28T15:56:45+00:00\" \/>\n<meta name=\"twitter:card\" content=\"summary_large_image\" \/>\n<meta name=\"twitter:label1\" content=\"Est. reading time\" \/>\n\t<meta name=\"twitter:data1\" content=\"4 minutes\" \/>\n<script type=\"application\/ld+json\" class=\"yoast-schema-graph\">{\"@context\":\"https:\/\/schema.org\",\"@graph\":[{\"@type\":\"WebPage\",\"@id\":\"https:\/\/brandmentor.com.tr\/en\/neler-yapiyoruz\/kreatif-calismalar\/\",\"url\":\"https:\/\/brandmentor.com.tr\/en\/neler-yapiyoruz\/kreatif-calismalar\/\",\"name\":\"Kreatif \u00c7al\u0131\u015fmalar - Brand Mentor\",\"isPartOf\":{\"@id\":\"https:\/\/brandmentor.com.tr\/#website\"},\"datePublished\":\"2024-03-15T12:16:20+00:00\",\"dateModified\":\"2024-05-28T15:56:45+00:00\",\"breadcrumb\":{\"@id\":\"https:\/\/brandmentor.com.tr\/en\/neler-yapiyoruz\/kreatif-calismalar\/#breadcrumb\"},\"inLanguage\":\"en-US\",\"potentialAction\":[{\"@type\":\"ReadAction\",\"target\":[\"https:\/\/brandmentor.com.tr\/en\/neler-yapiyoruz\/kreatif-calismalar\/\"]}]},{\"@type\":\"BreadcrumbList\",\"@id\":\"https:\/\/brandmentor.com.tr\/en\/neler-yapiyoruz\/kreatif-calismalar\/#breadcrumb\",\"itemListElement\":[{\"@type\":\"ListItem\",\"position\":1,\"name\":\"Anasayfa\",\"item\":\"https:\/\/brandmentor.com.tr\/en\/\"},{\"@type\":\"ListItem\",\"position\":2,\"name\":\"Neler Yap\u0131yoruz\",\"item\":\"https:\/\/brandmentor.com.tr\/en\/neler-yapiyoruz\/\"},{\"@type\":\"ListItem\",\"position\":3,\"name\":\"Kreatif \u00c7al\u0131\u015fmalar\"}]},{\"@type\":\"WebSite\",\"@id\":\"https:\/\/brandmentor.com.tr\/#website\",\"url\":\"https:\/\/brandmentor.com.tr\/\",\"name\":\"Brand Mentor\",\"description\":\"\",\"publisher\":{\"@id\":\"https:\/\/brandmentor.com.tr\/#organization\"},\"alternateName\":\"Brand Mentor\",\"potentialAction\":[{\"@type\":\"SearchAction\",\"target\":{\"@type\":\"EntryPoint\",\"urlTemplate\":\"https:\/\/brandmentor.com.tr\/?s={search_term_string}\"},\"query-input\":\"required name=search_term_string\"}],\"inLanguage\":\"en-US\"},{\"@type\":\"Organization\",\"@id\":\"https:\/\/brandmentor.com.tr\/#organization\",\"name\":\"Brand Mentor\",\"alternateName\":\"Brand Mentor\",\"url\":\"https:\/\/brandmentor.com.tr\/\",\"logo\":{\"@type\":\"ImageObject\",\"inLanguage\":\"en-US\",\"@id\":\"https:\/\/brandmentor.com.tr\/#\/schema\/logo\/image\/\",\"url\":\"https:\/\/brandmentor.com.tr\/wp-content\/uploads\/2024\/04\/logo1.svg\",\"contentUrl\":\"https:\/\/brandmentor.com.tr\/wp-content\/uploads\/2024\/04\/logo1.svg\",\"width\":\"1024\",\"height\":\"1024\",\"caption\":\"Brand Mentor\"},\"image\":{\"@id\":\"https:\/\/brandmentor.com.tr\/#\/schema\/logo\/image\/\"},\"sameAs\":[\"https:\/\/www.facebook.com\/brandmentortr\",\"https:\/\/www.instagram.com\/brandmentor\/\"]}]}<\/script>\n<!-- \/ Yoast SEO plugin. -->","yoast_head_json":{"title":"Kreatif \u00c7al\u0131\u015fmalar - Brand Mentor","robots":{"index":"index","follow":"follow","max-snippet":"max-snippet:-1","max-image-preview":"max-image-preview:large","max-video-preview":"max-video-preview:-1"},"canonical":"https:\/\/brandmentor.com.tr\/en\/neler-yapiyoruz\/kreatif-calismalar\/","og_locale":"en_US","og_type":"article","og_title":"Kreatif \u00c7al\u0131\u015fmalar - Brand Mentor","og_url":"https:\/\/brandmentor.com.tr\/en\/neler-yapiyoruz\/kreatif-calismalar\/","og_site_name":"Brand Mentor","article_publisher":"https:\/\/www.facebook.com\/brandmentortr","article_modified_time":"2024-05-28T15:56:45+00:00","twitter_card":"summary_large_image","twitter_misc":{"Est. reading time":"4 minutes"},"schema":{"@context":"https:\/\/schema.org","@graph":[{"@type":"WebPage","@id":"https:\/\/brandmentor.com.tr\/en\/neler-yapiyoruz\/kreatif-calismalar\/","url":"https:\/\/brandmentor.com.tr\/en\/neler-yapiyoruz\/kreatif-calismalar\/","name":"Kreatif \u00c7al\u0131\u015fmalar - Brand Mentor","isPartOf":{"@id":"https:\/\/brandmentor.com.tr\/#website"},"datePublished":"2024-03-15T12:16:20+00:00","dateModified":"2024-05-28T15:56:45+00:00","breadcrumb":{"@id":"https:\/\/brandmentor.com.tr\/en\/neler-yapiyoruz\/kreatif-calismalar\/#breadcrumb"},"inLanguage":"en-US","potentialAction":[{"@type":"ReadAction","target":["https:\/\/brandmentor.com.tr\/en\/neler-yapiyoruz\/kreatif-calismalar\/"]}]},{"@type":"BreadcrumbList","@id":"https:\/\/brandmentor.com.tr\/en\/neler-yapiyoruz\/kreatif-calismalar\/#breadcrumb","itemListElement":[{"@type":"ListItem","position":1,"name":"Anasayfa","item":"https:\/\/brandmentor.com.tr\/en\/"},{"@type":"ListItem","position":2,"name":"Neler Yap\u0131yoruz","item":"https:\/\/brandmentor.com.tr\/en\/neler-yapiyoruz\/"},{"@type":"ListItem","position":3,"name":"Kreatif \u00c7al\u0131\u015fmalar"}]},{"@type":"WebSite","@id":"https:\/\/brandmentor.com.tr\/#website","url":"https:\/\/brandmentor.com.tr\/","name":"Brand Mentor","description":"","publisher":{"@id":"https:\/\/brandmentor.com.tr\/#organization"},"alternateName":"Brand Mentor","potentialAction":[{"@type":"SearchAction","target":{"@type":"EntryPoint","urlTemplate":"https:\/\/brandmentor.com.tr\/?s={search_term_string}"},"query-input":"required name=search_term_string"}],"inLanguage":"en-US"},{"@type":"Organization","@id":"https:\/\/brandmentor.com.tr\/#organization","name":"Brand Mentor","alternateName":"Brand Mentor","url":"https:\/\/brandmentor.com.tr\/","logo":{"@type":"ImageObject","inLanguage":"en-US","@id":"https:\/\/brandmentor.com.tr\/#\/schema\/logo\/image\/","url":"https:\/\/brandmentor.com.tr\/wp-content\/uploads\/2024\/04\/logo1.svg","contentUrl":"https:\/\/brandmentor.com.tr\/wp-content\/uploads\/2024\/04\/logo1.svg","width":"1024","height":"1024","caption":"Brand Mentor"},"image":{"@id":"https:\/\/brandmentor.com.tr\/#\/schema\/logo\/image\/"},"sameAs":["https:\/\/www.facebook.com\/brandmentortr","https:\/\/www.instagram.com\/brandmentor\/"]}]}},"_links":{"self":[{"href":"https:\/\/brandmentor.com.tr\/en\/wp-json\/wp\/v2\/pages\/24167"}],"collection":[{"href":"https:\/\/brandmentor.com.tr\/en\/wp-json\/wp\/v2\/pages"}],"about":[{"href":"https:\/\/brandmentor.com.tr\/en\/wp-json\/wp\/v2\/types\/page"}],"author":[{"embeddable":true,"href":"https:\/\/brandmentor.com.tr\/en\/wp-json\/wp\/v2\/users\/1"}],"replies":[{"embeddable":true,"href":"https:\/\/brandmentor.com.tr\/en\/wp-json\/wp\/v2\/comments?post=24167"}],"version-history":[{"count":3,"href":"https:\/\/brandmentor.com.tr\/en\/wp-json\/wp\/v2\/pages\/24167\/revisions"}],"predecessor-version":[{"id":24314,"href":"https:\/\/brandmentor.com.tr\/en\/wp-json\/wp\/v2\/pages\/24167\/revisions\/24314"}],"up":[{"embeddable":true,"href":"https:\/\/brandmentor.com.tr\/en\/wp-json\/wp\/v2\/pages\/24175"}],"wp:attachment":[{"href":"https:\/\/brandmentor.com.tr\/en\/wp-json\/wp\/v2\/media?parent=24167"}],"curies":[{"name":"wp","href":"https:\/\/api.w.org\/{rel}","templated":true}]}}